{"id":108,"date":"2014-02-02T21:41:24","date_gmt":"2014-02-02T21:41:24","guid":{"rendered":"http:\/\/lingvistika.si\/?page_id=108"},"modified":"2014-09-13T19:35:35","modified_gmt":"2014-09-13T19:35:35","slug":"baskovscina-3","status":"publish","type":"page","link":"https:\/\/lingvistika.si\/?page_id=108","title":{"rendered":"Baskov\u0161\u010dina 3"},"content":{"rendered":"<p><span style=\"line-height: 1.5;\">Tole nalogo iz baskov\u0161\u010dine sem uvrstila med srednje te\u017eke, ker vsebuje zaimke. \u00a0Take naloge so skoraj vedno malo te\u017eje, ker imajo posebna pravila, povezana z zaimki.<\/span><\/p>\n<blockquote><p>Podane so besedne zveze v baskov\u0161\u010dini in njihovi prevodi v sloven\u0161\u010dino. Dolo\u010di, kaj pomenijo njihove besede in kak\u0161na pravila imajo za zaimke.<\/p>\n<table>\n<tbody>\n<tr>\n<td>ahaztu ditut<\/td>\n<td>pozabil sem nanje<\/td>\n<\/tr>\n<tr>\n<td>ahaztu duzu<\/td>\n<td>pozabil si nanj<\/td>\n<\/tr>\n<tr>\n<td>lagundu ditugu<\/td>\n<td>pomagali smo jim<\/td>\n<\/tr>\n<tr>\n<td>lagundu dituzu<\/td>\n<td>pomagal si jim<\/td>\n<\/tr>\n<tr>\n<td>lagundu dute<\/td>\n<td>pomagali so mu<\/td>\n<\/tr>\n<tr>\n<td>lagundu nauzue<\/td>\n<td>pomagali ste mi<\/td>\n<\/tr>\n<tr>\n<td>ukitu ditugu<\/td>\n<td>dotaknili smo se jih<\/td>\n<\/tr>\n<tr>\n<td>ukitu naute<\/td>\n<td>dotaknili so se me<\/td>\n<\/tr>\n<\/tbody>\n<\/table>\n<p>&nbsp;<\/p>\n<p>Prevedi v sloven\u0161\u010dino: lagundu dut<\/p>\n<p>Prevedi v baskov\u0161\u010dino: dotaknil si se me<\/p><\/blockquote>\n<p>&nbsp;<\/p>\n<p>Za namig lahko pi\u0161ete na email <a href=\"mailto:&#x69;&#x6e;&#x66;&#x6f;&#x40;&#x6c;&#x69;&#x6e;&#x67;&#x76;&#x69;&#x73;&#x74;&#x69;&#x6b;&#x61;&#x2e;&#x73;&#x69;\">&#x69;&#x6e;&#x66;&#x6f;&#x40;<span class=\"oe_displaynone\">null<\/span>&#x6c;&#x69;&#x6e;&#x67;&#x76;&#x69;&#x73;&#x74;&#x69;&#x6b;&#x61;&#x2e;&#x73;&#x69;<\/a>. Lahko pa tudi po\u0161ljete svojo re\u0161itev (prevode in pravila) v pregled.<\/p>","protected":false},"excerpt":{"rendered":"<p>Tole nalogo iz baskov\u0161\u010dine sem uvrstila med srednje te\u017eke, ker vsebuje zaimke. \u00a0Take naloge so skoraj vedno malo te\u017eje, ker imajo posebna pravila, povezana z zaimki. Podane so besedne zveze v baskov\u0161\u010dini in njihovi prevodi v sloven\u0161\u010dino. Dolo\u010di, kaj pomenijo njihove besede in kak\u0161na pravila imajo za zaimke. ahaztu ditut pozabil sem nanje ahaztu duzu &hellip; <a href=\"https:\/\/lingvistika.si\/?page_id=108\" class=\"more-link\">Continue reading <span class=\"screen-reader-text\">Baskov\u0161\u010dina 3<\/span> <span class=\"meta-nav\">&rarr;<\/span><\/a><\/p>\n","protected":false},"author":1,"featured_media":0,"parent":0,"menu_order":0,"comment_status":"open","ping_status":"open","template":"","meta":{"footnotes":""},"categories":[11,1,9],"class_list":["post-108","page","type-page","status-publish","hentry","category-srednje-tezke-naloge","category-uncategorized","category-prevajalske-naloge"],"_links":{"self":[{"href":"https:\/\/lingvistika.si\/index.php?rest_route=\/wp\/v2\/pages\/108","targetHints":{"allow":["GET"]}}],"collection":[{"href":"https:\/\/lingvistika.si\/index.php?rest_route=\/wp\/v2\/pages"}],"about":[{"href":"https:\/\/lingvistika.si\/index.php?rest_route=\/wp\/v2\/types\/page"}],"author":[{"embeddable":true,"href":"https:\/\/lingvistika.si\/index.php?rest_route=\/wp\/v2\/users\/1"}],"replies":[{"embeddable":true,"href":"https:\/\/lingvistika.si\/index.php?rest_route=%2Fwp%2Fv2%2Fcomments&post=108"}],"version-history":[{"count":3,"href":"https:\/\/lingvistika.si\/index.php?rest_route=\/wp\/v2\/pages\/108\/revisions"}],"predecessor-version":[{"id":408,"href":"https:\/\/lingvistika.si\/index.php?rest_route=\/wp\/v2\/pages\/108\/revisions\/408"}],"wp:attachment":[{"href":"https:\/\/lingvistika.si\/index.php?rest_route=%2Fwp%2Fv2%2Fmedia&parent=108"}],"wp:term":[{"taxonomy":"category","embeddable":true,"href":"https:\/\/lingvistika.si\/index.php?rest_route=%2Fwp%2Fv2%2Fcategories&post=108"}],"curies":[{"name":"wp","href":"https:\/\/api.w.org\/{rel}","templated":true}]}}