{"id":153,"date":"2014-03-02T18:11:21","date_gmt":"2014-03-02T18:11:21","guid":{"rendered":"http:\/\/lingvistika.si\/?page_id=153"},"modified":"2014-09-13T19:38:14","modified_gmt":"2014-09-13T19:38:14","slug":"nahuatl","status":"publish","type":"page","link":"https:\/\/lingvistika.si\/?page_id=153","title":{"rendered":"Nahuatl"},"content":{"rendered":"<p>Spodaj je naloga iz jezika nahuatl s pome\u0161animi prevodi. Pri re\u0161evanju imejte v mislih sopomenke in podobnost predmetov v nalogi.<\/p>\n<blockquote><p>Podane so besede v jeziku nahuatl in njihovi prevodi v sloven\u0161\u010dino v pome\u0161anem vrstnem redu. Ugotovi prave povezave in napi\u0161i pravila po katerih v jeziku nahuatl sestavljajo besede.<\/p>\n<p>Besede v jeziku nahuatl:<br \/>\nacalhuah, atl, calhuah, callah, chilatl, chilli, tehuah, tetlah, totoltetl.<\/p>\n<p>Pome\u0161ani slovenski prevodi:<br \/>\n\u010dilijeva voda, \u010dili paprika, kamnito podro\u010dje, lastnik hi\u0161e, lastnik kamenja (tudi: prebivalec kamnitega obmo\u010dja), lastnik kanuja, puranovo jajce, vas, voda.<\/p><\/blockquote>\n<p>&nbsp;<\/p>\n<p>Za namig lahko pi\u0161ete na email <a href=\"mailto:&#x69;&#x6e;&#x66;&#x6f;&#x40;&#x6c;&#x69;&#x6e;&#x67;&#x76;&#x69;&#x73;&#x74;&#x69;&#x6b;&#x61;&#x2e;&#x73;&#x69;\">&#x69;&#x6e;&#x66;&#x6f;&#x40;<span class=\"oe_displaynone\">null<\/span>&#x6c;&#x69;&#x6e;&#x67;&#x76;&#x69;&#x73;&#x74;&#x69;&#x6b;&#x61;&#x2e;&#x73;&#x69;<\/a>. Lahko tudi po\u0161ljete svojo re\u0161itev v pregled.<\/p>","protected":false},"excerpt":{"rendered":"<p>Spodaj je naloga iz jezika nahuatl s pome\u0161animi prevodi. Pri re\u0161evanju imejte v mislih sopomenke in podobnost predmetov v nalogi. Podane so besede v jeziku nahuatl in njihovi prevodi v sloven\u0161\u010dino v pome\u0161anem vrstnem redu. Ugotovi prave povezave in napi\u0161i pravila po katerih v jeziku nahuatl sestavljajo besede. Besede v jeziku nahuatl: acalhuah, atl, calhuah, &hellip; <a href=\"https:\/\/lingvistika.si\/?page_id=153\" class=\"more-link\">Continue reading <span class=\"screen-reader-text\">Nahuatl<\/span> <span class=\"meta-nav\">&rarr;<\/span><\/a><\/p>\n","protected":false},"author":1,"featured_media":0,"parent":0,"menu_order":0,"comment_status":"open","ping_status":"open","template":"","meta":{"footnotes":""},"categories":[11,1,9],"class_list":["post-153","page","type-page","status-publish","hentry","category-srednje-tezke-naloge","category-uncategorized","category-prevajalske-naloge"],"_links":{"self":[{"href":"https:\/\/lingvistika.si\/index.php?rest_route=\/wp\/v2\/pages\/153","targetHints":{"allow":["GET"]}}],"collection":[{"href":"https:\/\/lingvistika.si\/index.php?rest_route=\/wp\/v2\/pages"}],"about":[{"href":"https:\/\/lingvistika.si\/index.php?rest_route=\/wp\/v2\/types\/page"}],"author":[{"embeddable":true,"href":"https:\/\/lingvistika.si\/index.php?rest_route=\/wp\/v2\/users\/1"}],"replies":[{"embeddable":true,"href":"https:\/\/lingvistika.si\/index.php?rest_route=%2Fwp%2Fv2%2Fcomments&post=153"}],"version-history":[{"count":8,"href":"https:\/\/lingvistika.si\/index.php?rest_route=\/wp\/v2\/pages\/153\/revisions"}],"predecessor-version":[{"id":417,"href":"https:\/\/lingvistika.si\/index.php?rest_route=\/wp\/v2\/pages\/153\/revisions\/417"}],"wp:attachment":[{"href":"https:\/\/lingvistika.si\/index.php?rest_route=%2Fwp%2Fv2%2Fmedia&parent=153"}],"wp:term":[{"taxonomy":"category","embeddable":true,"href":"https:\/\/lingvistika.si\/index.php?rest_route=%2Fwp%2Fv2%2Fcategories&post=153"}],"curies":[{"name":"wp","href":"https:\/\/api.w.org\/{rel}","templated":true}]}}