{"id":195,"date":"2014-03-30T20:21:17","date_gmt":"2014-03-30T20:21:17","guid":{"rendered":"http:\/\/lingvistika.si\/?page_id=195"},"modified":"2014-09-13T19:38:47","modified_gmt":"2014-09-13T19:38:47","slug":"srbscina","status":"publish","type":"page","link":"https:\/\/lingvistika.si\/?page_id=195","title":{"rendered":"Srb\u0161\u010dina"},"content":{"rendered":"<p>Spodaj je naloga iz dodatkov jedem v srb\u0161\u010dini .<\/p>\n<blockquote><p>Podane so besedne zveze v srb\u0161\u010dini in njihovi prevodi v sloven\u0161\u010dino. Dolo\u010di pravila za kon\u010dnice in prevedi \u0161e nekaj dodatnih besed.<\/p>\n<table>\n<tbody>\n<tr>\n<td>sa krompirom<\/td>\n<td>s krompirjem<\/td>\n<\/tr>\n<tr>\n<td>sa knedlama<\/td>\n<td>z njoki<\/td>\n<\/tr>\n<tr>\n<td>sa vir\u0161lama<\/td>\n<td>s hrenovkami<\/td>\n<\/tr>\n<tr>\n<td>sa paradajzom<\/td>\n<td>s paradi\u017enikom<\/td>\n<\/tr>\n<tr>\n<td>sa pe\u010durkama<\/td>\n<td>z gobami<\/td>\n<\/tr>\n<tr>\n<td>sa \u0161argarepom<\/td>\n<td>s koren\u010dkom<\/td>\n<\/tr>\n<tr>\n<td>sa piletinom<\/td>\n<td>s pi\u0161\u010dancem<\/td>\n<\/tr>\n<tr>\n<td>sa hlebom<\/td>\n<td>s kruhom<\/td>\n<\/tr>\n<tr>\n<td>sa maslinama<\/td>\n<td>z olivami<\/td>\n<\/tr>\n<tr>\n<td>sa kru\u0161kom<\/td>\n<td>s hru\u0161ko<\/td>\n<\/tr>\n<\/tbody>\n<\/table>\n<p>Prevedi v sloven\u0161\u010dino: sa kru\u0161kama, sa vir\u0161lom.<\/p>\n<p>Prevedi v srb\u0161\u010dino: s koren\u010dki, z gobo.<\/p><\/blockquote>\n<p>&nbsp;<\/p>\n<p>Za namig lahko pi\u0161ete na email <a href=\"mailto:&#x69;&#x6e;&#x66;&#x6f;&#x40;&#x6c;&#x69;&#x6e;&#x67;&#x76;&#x69;&#x73;&#x74;&#x69;&#x6b;&#x61;&#x2e;&#x73;&#x69;\">&#x69;&#x6e;&#x66;&#x6f;&#x40;<span class=\"oe_displaynone\">null<\/span>&#x6c;&#x69;&#x6e;&#x67;&#x76;&#x69;&#x73;&#x74;&#x69;&#x6b;&#x61;&#x2e;&#x73;&#x69;<\/a> ampak verjamem, da ga za to nalogo ne boste potrebovali. \ud83d\ude42<\/p>","protected":false},"excerpt":{"rendered":"<p>Spodaj je naloga iz dodatkov jedem v srb\u0161\u010dini . Podane so besedne zveze v srb\u0161\u010dini in njihovi prevodi v sloven\u0161\u010dino. Dolo\u010di pravila za kon\u010dnice in prevedi \u0161e nekaj dodatnih besed. sa krompirom s krompirjem sa knedlama z njoki sa vir\u0161lama s hrenovkami sa paradajzom s paradi\u017enikom sa pe\u010durkama z gobami sa \u0161argarepom s koren\u010dkom sa &hellip; <a href=\"https:\/\/lingvistika.si\/?page_id=195\" class=\"more-link\">Continue reading <span class=\"screen-reader-text\">Srb\u0161\u010dina<\/span> <span class=\"meta-nav\">&rarr;<\/span><\/a><\/p>\n","protected":false},"author":1,"featured_media":0,"parent":0,"menu_order":0,"comment_status":"open","ping_status":"open","template":"","meta":{"footnotes":""},"categories":[3,1,9],"class_list":["post-195","page","type-page","status-publish","hentry","category-lahke-naloge","category-uncategorized","category-prevajalske-naloge"],"_links":{"self":[{"href":"https:\/\/lingvistika.si\/index.php?rest_route=\/wp\/v2\/pages\/195","targetHints":{"allow":["GET"]}}],"collection":[{"href":"https:\/\/lingvistika.si\/index.php?rest_route=\/wp\/v2\/pages"}],"about":[{"href":"https:\/\/lingvistika.si\/index.php?rest_route=\/wp\/v2\/types\/page"}],"author":[{"embeddable":true,"href":"https:\/\/lingvistika.si\/index.php?rest_route=\/wp\/v2\/users\/1"}],"replies":[{"embeddable":true,"href":"https:\/\/lingvistika.si\/index.php?rest_route=%2Fwp%2Fv2%2Fcomments&post=195"}],"version-history":[{"count":8,"href":"https:\/\/lingvistika.si\/index.php?rest_route=\/wp\/v2\/pages\/195\/revisions"}],"predecessor-version":[{"id":419,"href":"https:\/\/lingvistika.si\/index.php?rest_route=\/wp\/v2\/pages\/195\/revisions\/419"}],"wp:attachment":[{"href":"https:\/\/lingvistika.si\/index.php?rest_route=%2Fwp%2Fv2%2Fmedia&parent=195"}],"wp:term":[{"taxonomy":"category","embeddable":true,"href":"https:\/\/lingvistika.si\/index.php?rest_route=%2Fwp%2Fv2%2Fcategories&post=195"}],"curies":[{"name":"wp","href":"https:\/\/api.w.org\/{rel}","templated":true}]}}