{"id":2,"date":"2014-01-09T20:04:03","date_gmt":"2014-01-09T20:04:03","guid":{"rendered":"http:\/\/lingvistika.si\/?page_id=2"},"modified":"2014-09-14T20:19:57","modified_gmt":"2014-09-14T20:19:57","slug":"sample-page","status":"publish","type":"page","link":"https:\/\/lingvistika.si\/?page_id=2","title":{"rendered":"O strani"},"content":{"rendered":"<p>Ta stran je nastala kot podpora pri u\u010denju in vaji za tekmovanje iz lingvistike. Zabavno in pou\u010dno pa jo boste morda na\u0161li tudi ostali.<\/p>\n<p>Marsikdaj bo objavljenih ve\u010d verzij iste naloge, ki se razlikujejo po te\u017eavnosti. Moj predlog je, da izberete tisto te\u017eavnost, za katero menite, da je vam primerna. \u010ce naloge ne uspete re\u0161iti, vzemite eno stopnjo manj in poskusite ponovno.<\/p>\n<p>Lingvisti\u010dne naloge so v Sloveniji del tekmovanja iz logike za u\u010dence vi\u0161jih razredov osnovne \u0161ole, dijake in \u0161tudente. \u0160tirje dijaki pa se preko dodatnega izbora udele\u017eijo tudi mednarodnega tekmovanja \u00a0v lingvistiki\u00a0<a href=\"http:\/\/www.ioling.org\/\">http:\/\/www.ioling.org\/<\/a>.<\/p>\n<p>Spletna stran raste iz tedna v teden. \u010ce le uspem, objavim vsak teden kak\u0161no novo nalogo, tako da kar pridite pogledat vsake toliko, kaj je novega. \ud83d\ude42 Predvsem se trudim zbirati lahke naloge, ker je po teh najve\u010dje povpra\u0161evanje. Poleg nalog v tedenskih objavah napi\u0161em tudi\u00a0kak nasvet za re\u0161evanje ali pa kako splo\u0161no stvar o lingvistiki in jezikih.<\/p>\n<p>Prijetno branje!<\/p>","protected":false},"excerpt":{"rendered":"<p>Ta stran je nastala kot podpora pri u\u010denju in vaji za tekmovanje iz lingvistike. Zabavno in pou\u010dno pa jo boste morda na\u0161li tudi ostali. Marsikdaj bo objavljenih ve\u010d verzij iste naloge, ki se razlikujejo po te\u017eavnosti. Moj predlog je, da izberete tisto te\u017eavnost, za katero menite, da je vam primerna. \u010ce naloge ne uspete re\u0161iti, &hellip; <a href=\"https:\/\/lingvistika.si\/?page_id=2\" class=\"more-link\">Continue reading <span class=\"screen-reader-text\">O strani<\/span> <span class=\"meta-nav\">&rarr;<\/span><\/a><\/p>\n","protected":false},"author":1,"featured_media":0,"parent":0,"menu_order":0,"comment_status":"open","ping_status":"open","template":"","meta":{"footnotes":""},"categories":[],"class_list":["post-2","page","type-page","status-publish","hentry"],"_links":{"self":[{"href":"https:\/\/lingvistika.si\/index.php?rest_route=\/wp\/v2\/pages\/2","targetHints":{"allow":["GET"]}}],"collection":[{"href":"https:\/\/lingvistika.si\/index.php?rest_route=\/wp\/v2\/pages"}],"about":[{"href":"https:\/\/lingvistika.si\/index.php?rest_route=\/wp\/v2\/types\/page"}],"author":[{"embeddable":true,"href":"https:\/\/lingvistika.si\/index.php?rest_route=\/wp\/v2\/users\/1"}],"replies":[{"embeddable":true,"href":"https:\/\/lingvistika.si\/index.php?rest_route=%2Fwp%2Fv2%2Fcomments&post=2"}],"version-history":[{"count":9,"href":"https:\/\/lingvistika.si\/index.php?rest_route=\/wp\/v2\/pages\/2\/revisions"}],"predecessor-version":[{"id":438,"href":"https:\/\/lingvistika.si\/index.php?rest_route=\/wp\/v2\/pages\/2\/revisions\/438"}],"wp:attachment":[{"href":"https:\/\/lingvistika.si\/index.php?rest_route=%2Fwp%2Fv2%2Fmedia&parent=2"}],"wp:term":[{"taxonomy":"category","embeddable":true,"href":"https:\/\/lingvistika.si\/index.php?rest_route=%2Fwp%2Fv2%2Fcategories&post=2"}],"curies":[{"name":"wp","href":"https:\/\/api.w.org\/{rel}","templated":true}]}}