{"id":260,"date":"2014-05-04T20:58:03","date_gmt":"2014-05-04T20:58:03","guid":{"rendered":"http:\/\/lingvistika.si\/?page_id=260"},"modified":"2014-05-04T21:37:41","modified_gmt":"2014-05-04T21:37:41","slug":"laoska-pisava","status":"publish","type":"page","link":"https:\/\/lingvistika.si\/?page_id=260","title":{"rendered":"Lao\u0161ka pisava"},"content":{"rendered":"<p><span style=\"line-height: 1.5;\">Spodaj je naloga iz lao\u0161ke pisave. Lao\u010dani poznajo 27 soglasnikov in 33 samoglasnikov, v nalogi nastopajo samo nekateri od teh.<\/span><\/p>\n<blockquote><p>Podana so imena dr\u017eav v lao\u0161\u010dini in latini\u010dnem prepisu. Ugotovi pravila za lao\u0161ko pisavo in re\u0161i nekaj primerov. Bodi pozoren na malenkosti, saj so si nekateri znaki zelo podobni. \u010crtica nad samoglasnikom pomeni, da je samoglasnik dolg.<\/p>\n<table>\n<tbody>\n<tr>\n<th>Lao\u0161ko<\/th>\n<th>latini\u010dni prepis<\/th>\n<th>ime dr\u017eave<\/th>\n<\/tr>\n<tr>\n<td>\n<h2>\u0e8a\u0eb5\u0eae\u0eb5<\/h2>\n<\/td>\n<td>s\u012br\u012b<\/td>\n<td>Sirija<\/td>\n<\/tr>\n<tr>\n<td>\n<h2>\u0ead\u0eb5\u0eae\u0eb2\u0e99<\/h2>\n<\/td>\n<td>\u012br\u0101n<\/td>\n<td>Iran<\/td>\n<\/tr>\n<tr>\n<td>\n<h2>\u0e9a\u0eb8\u0e99\u0e81\u0eb2\u0eae\u0eb5<\/h2>\n<\/td>\n<td>bunk\u0101r\u012b<\/td>\n<td>Bolgarija<\/td>\n<\/tr>\n<tr>\n<td>\n<h2>\u0e81\u0eb2\u0e99\u0eb2\u0e94\u0eb2<\/h2>\n<\/td>\n<td>k\u0101n\u0101d\u0101<\/td>\n<td>Kanada<\/td>\n<\/tr>\n<tr>\n<td>\n<h2>\u0ec4\u0e9a\u0ea5\u0eb5\u0ea7\u0eb5<\/h2>\n<\/td>\n<td>b\u014dl\u012bv\u012b<\/td>\n<td>\u00a0Bolivija<\/td>\n<\/tr>\n<tr>\n<td>\n<h2>\u0ead\u0eb2\u0e99\u0ec0\u0ea2\u0eae\u0eb5<\/h2>\n<\/td>\n<td>\u0101nj\u0113r\u012b<\/td>\n<td>\u00a0Al\u017eirija<\/td>\n<\/tr>\n<tr>\n<td>\n<h2>\u0ec0\u0e99\u0e9b\u0eb2\u0e99<\/h2>\n<\/td>\n<td>\u00a0n\u0113p\u0101n<\/td>\n<td>\u00a0Nepal<\/td>\n<\/tr>\n<tr>\n<td>\n<h2>\u0ec0\u0e9b\u0eae\u0eb9<\/h2>\n<\/td>\n<td>\u00a0p\u0113r\u016b<\/td>\n<td>\u00a0Peru<\/td>\n<\/tr>\n<tr>\n<td>\n<h2>\u0e81\u0eb8\u0e9a\u0eb2<\/h2>\n<\/td>\n<td>\u00a0kub\u0101<\/td>\n<td>\u00a0Kuba<\/td>\n<\/tr>\n<tr>\n<td>\n<h2>\u0ec0\u0e8a\u0ec0\u0e99\u0e81\u0eb2\u0e99<\/h2>\n<\/td>\n<td>\u00a0s\u0113n\u0113k\u0101n<\/td>\n<td>\u00a0Senegal<\/td>\n<\/tr>\n<tr>\n<td>\n<h2>\u0ec0\u0e81\u0ec0\u0e99\u0ea2<\/h2>\n<\/td>\n<td>\u00a0k\u0113n\u0113j<\/td>\n<td>\u00a0Kenija<\/td>\n<\/tr>\n<tr>\n<td>\n<h2>\u0ec4\u0e8a\u0ea1\u0eb2\u0ea5\u0eb5<\/h2>\n<\/td>\n<td>\u00a0s\u014dm\u0101l\u012b<\/td>\n<td>\u00a0Somalija<\/td>\n<\/tr>\n<tr>\n<td>\n<h2>\u0ead\u0eb4\u0e99\u0ec4\u0e94\u0ec0\u0e99\u0ec0\u0e8a\u0ea2<\/h2>\n<\/td>\n<td>\u00a0ind\u014dn\u0113s\u0113j<\/td>\n<td>\u00a0Indonezija<\/td>\n<\/tr>\n<\/tbody>\n<\/table>\n<p>&nbsp;<\/p>\n<p>Zapi\u0161i imena dr\u017eav:<\/p>\n<table>\n<tbody>\n<tr>\n<th>Lao\u0161ko<\/th>\n<th>latini\u010dni prepis<\/th>\n<th>ime dr\u017eave<\/th>\n<\/tr>\n<tr>\n<td><\/td>\n<td>sl\u014dv\u0113nij\u0101<\/td>\n<td>Slovenija<\/td>\n<\/tr>\n<tr>\n<td><\/td>\n<td>\u0101r\u0101b\u012b s\u0101\u016bd\u012b<\/td>\n<td>Saudska Arabija<\/td>\n<\/tr>\n<tr>\n<td>\n<h2>\u0e9b\u0eb2\u0e99\u0eb2\u0ea1\u0eb2<\/h2>\n<\/td>\n<td><\/td>\n<td><\/td>\n<\/tr>\n<tr>\n<td>\n<h2>\u0e99\u0eb5\u0ec0\u0e81\u0ec0\u0eae\u0ea2<\/h2>\n<\/td>\n<td><\/td>\n<td><\/td>\n<\/tr>\n<\/tbody>\n<\/table>\n<\/blockquote>\n<p>&nbsp;<\/p>\n<p>Za namig lahko pi\u0161ete na email <a href=\"mailto:&#x69;&#x6e;&#x66;&#x6f;&#x40;&#x6c;&#x69;&#x6e;&#x67;&#x76;&#x69;&#x73;&#x74;&#x69;&#x6b;&#x61;&#x2e;&#x73;&#x69;\">&#x69;&#x6e;&#x66;&#x6f;&#x40;<span class=\"oe_displaynone\">null<\/span>&#x6c;&#x69;&#x6e;&#x67;&#x76;&#x69;&#x73;&#x74;&#x69;&#x6b;&#x61;&#x2e;&#x73;&#x69;<\/a>. Lahko pa tudi po\u0161ljete svojo re\u0161itev v pregled.<\/p>","protected":false},"excerpt":{"rendered":"<p>Spodaj je naloga iz lao\u0161ke pisave. Lao\u010dani poznajo 27 soglasnikov in 33 samoglasnikov, v nalogi nastopajo samo nekateri od teh. Podana so imena dr\u017eav v lao\u0161\u010dini in latini\u010dnem prepisu. Ugotovi pravila za lao\u0161ko pisavo in re\u0161i nekaj primerov. Bodi pozoren na malenkosti, saj so si nekateri znaki zelo podobni. \u010crtica nad samoglasnikom pomeni, da je &hellip; <a href=\"https:\/\/lingvistika.si\/?page_id=260\" class=\"more-link\">Continue reading <span class=\"screen-reader-text\">Lao\u0161ka pisava<\/span> <span class=\"meta-nav\">&rarr;<\/span><\/a><\/p>\n","protected":false},"author":1,"featured_media":0,"parent":0,"menu_order":0,"comment_status":"open","ping_status":"open","template":"","meta":{"footnotes":""},"categories":[7,1,13],"class_list":["post-260","page","type-page","status-publish","hentry","category-tezke-naloge","category-uncategorized","category-naloge-iz-pisav"],"_links":{"self":[{"href":"https:\/\/lingvistika.si\/index.php?rest_route=\/wp\/v2\/pages\/260","targetHints":{"allow":["GET"]}}],"collection":[{"href":"https:\/\/lingvistika.si\/index.php?rest_route=\/wp\/v2\/pages"}],"about":[{"href":"https:\/\/lingvistika.si\/index.php?rest_route=\/wp\/v2\/types\/page"}],"author":[{"embeddable":true,"href":"https:\/\/lingvistika.si\/index.php?rest_route=\/wp\/v2\/users\/1"}],"replies":[{"embeddable":true,"href":"https:\/\/lingvistika.si\/index.php?rest_route=%2Fwp%2Fv2%2Fcomments&post=260"}],"version-history":[{"count":24,"href":"https:\/\/lingvistika.si\/index.php?rest_route=\/wp\/v2\/pages\/260\/revisions"}],"predecessor-version":[{"id":288,"href":"https:\/\/lingvistika.si\/index.php?rest_route=\/wp\/v2\/pages\/260\/revisions\/288"}],"wp:attachment":[{"href":"https:\/\/lingvistika.si\/index.php?rest_route=%2Fwp%2Fv2%2Fmedia&parent=260"}],"wp:term":[{"taxonomy":"category","embeddable":true,"href":"https:\/\/lingvistika.si\/index.php?rest_route=%2Fwp%2Fv2%2Fcategories&post=260"}],"curies":[{"name":"wp","href":"https:\/\/api.w.org\/{rel}","templated":true}]}}