{"id":427,"date":"2014-09-14T20:04:43","date_gmt":"2014-09-14T20:04:43","guid":{"rendered":"http:\/\/lingvistika.si\/?page_id=427"},"modified":"2014-09-14T20:15:58","modified_gmt":"2014-09-14T20:15:58","slug":"sanskrit-3","status":"publish","type":"page","link":"https:\/\/lingvistika.si\/?page_id=427","title":{"rendered":"Sanskrit 3"},"content":{"rendered":"<p><span style=\"line-height: 1.5;\">Tale naloga iz sanskrita je srednje te\u017eke, ker je treba znati pravila posplo\u0161iti in tvoriti nove besede. \u00a0\u0160e <a title=\"Sanskrit 4\" href=\"https:\/\/lingvistika.si\/?page_id=431\">te\u017eja verzija<\/a> pa ima prevode pome\u0161ane med seboj.<\/span><\/p>\n<blockquote><p>Podane so besede v sanskritu in njihovi prevodi v sloven\u0161\u010dino. Dolo\u010di sestavo besed v sanskritu in po ugotovljenih pravilih prevedi \u0161e nekaj novih besed.<\/p>\n<table>\n<tbody>\n<tr>\n<td>yah<\/td>\n<td>kdo<\/td>\n<\/tr>\n<tr>\n<td>tatha<\/td>\n<td>tako<\/td>\n<\/tr>\n<tr>\n<td>sarvatra<\/td>\n<td>povsod<\/td>\n<\/tr>\n<tr>\n<td>ekah<\/td>\n<td>isti (\u010dlovek)<\/td>\n<\/tr>\n<tr>\n<td>yada<\/td>\n<td>kdaj<\/td>\n<\/tr>\n<tr>\n<td>tatra<\/td>\n<td>tam<\/td>\n<\/tr>\n<tr>\n<td>yatra<\/td>\n<td>kje<\/td>\n<\/tr>\n<tr>\n<td>sarvah<\/td>\n<td>vsi<\/td>\n<\/tr>\n<\/tbody>\n<\/table>\n<p>&nbsp;<\/p>\n<p>Prevedi v sanskrit:<br \/>\nvedno, na vse na\u010dine, kako, isto\u010dasno, potem.<\/p>\n<p>Prevedi v sloven\u0161\u010dino:<br \/>\ntah, ekatha.<\/p><\/blockquote>\n<p>&nbsp;<\/p>\n<p>Za namig lahko pi\u0161ete na email <a href=\"mailto:&#x69;&#x6e;&#x66;&#x6f;&#x40;&#x6c;&#x69;&#x6e;&#x67;&#x76;&#x69;&#x73;&#x74;&#x69;&#x6b;&#x61;&#x2e;&#x73;&#x69;\">&#x69;&#x6e;&#x66;&#x6f;&#x40;<span class=\"oe_displaynone\">null<\/span>&#x6c;&#x69;&#x6e;&#x67;&#x76;&#x69;&#x73;&#x74;&#x69;&#x6b;&#x61;&#x2e;&#x73;&#x69;<\/a>. Lahko pa tudi po\u0161ljete svojo re\u0161itev (prevode in pravila) v pregled.<\/p>","protected":false},"excerpt":{"rendered":"<p>Tale naloga iz sanskrita je srednje te\u017eke, ker je treba znati pravila posplo\u0161iti in tvoriti nove besede. \u00a0\u0160e te\u017eja verzija pa ima prevode pome\u0161ane med seboj. Podane so besede v sanskritu in njihovi prevodi v sloven\u0161\u010dino. Dolo\u010di sestavo besed v sanskritu in po ugotovljenih pravilih prevedi \u0161e nekaj novih besed. yah kdo tatha tako sarvatra &hellip; <a href=\"https:\/\/lingvistika.si\/?page_id=427\" class=\"more-link\">Continue reading <span class=\"screen-reader-text\">Sanskrit 3<\/span> <span class=\"meta-nav\">&rarr;<\/span><\/a><\/p>\n","protected":false},"author":1,"featured_media":0,"parent":0,"menu_order":0,"comment_status":"open","ping_status":"open","template":"","meta":{"footnotes":""},"categories":[11,1,9],"class_list":["post-427","page","type-page","status-publish","hentry","category-srednje-tezke-naloge","category-uncategorized","category-prevajalske-naloge"],"_links":{"self":[{"href":"https:\/\/lingvistika.si\/index.php?rest_route=\/wp\/v2\/pages\/427","targetHints":{"allow":["GET"]}}],"collection":[{"href":"https:\/\/lingvistika.si\/index.php?rest_route=\/wp\/v2\/pages"}],"about":[{"href":"https:\/\/lingvistika.si\/index.php?rest_route=\/wp\/v2\/types\/page"}],"author":[{"embeddable":true,"href":"https:\/\/lingvistika.si\/index.php?rest_route=\/wp\/v2\/users\/1"}],"replies":[{"embeddable":true,"href":"https:\/\/lingvistika.si\/index.php?rest_route=%2Fwp%2Fv2%2Fcomments&post=427"}],"version-history":[{"count":4,"href":"https:\/\/lingvistika.si\/index.php?rest_route=\/wp\/v2\/pages\/427\/revisions"}],"predecessor-version":[{"id":437,"href":"https:\/\/lingvistika.si\/index.php?rest_route=\/wp\/v2\/pages\/427\/revisions\/437"}],"wp:attachment":[{"href":"https:\/\/lingvistika.si\/index.php?rest_route=%2Fwp%2Fv2%2Fmedia&parent=427"}],"wp:term":[{"taxonomy":"category","embeddable":true,"href":"https:\/\/lingvistika.si\/index.php?rest_route=%2Fwp%2Fv2%2Fcategories&post=427"}],"curies":[{"name":"wp","href":"https:\/\/api.w.org\/{rel}","templated":true}]}}