{"id":449,"date":"2014-09-21T19:49:27","date_gmt":"2014-09-21T19:49:27","guid":{"rendered":"http:\/\/lingvistika.si\/?page_id=449"},"modified":"2014-09-21T19:49:27","modified_gmt":"2014-09-21T19:49:27","slug":"kiowa-3","status":"publish","type":"page","link":"https:\/\/lingvistika.si\/?page_id=449","title":{"rendered":"Kiowa 3"},"content":{"rendered":"<p>Spodaj je te\u017eja naloga iz jezika kiowa. Uvr\u0161\u010dena je med foneti\u010dne, ker je treba ugotoviti obliko zapisa. Te\u017eja je pa zato, ker so kon\u010dnice odvisne od ve\u010d razli\u010dnih pravil.<\/p>\n<blockquote><p>Podane so ednina, dvojina in mno\u017eina besed v jeziku kiowa in njihovi prevodi v sloven\u0161\u010dino. Dopolni manjkajo\u010de besede v tabeli in napi\u0161i pravila za tvorjenje ednine, dvojine in mno\u017eine.<\/p>\n<table>\n<tbody>\n<tr>\n<th>ednina<\/th>\n<th>dvojina<\/th>\n<th>mno\u017eina<\/th>\n<th>prevod<\/th>\n<\/tr>\n<tr>\n<td>\u00a0mathonsjan<\/td>\n<td>\u00a0mathonsjan<\/td>\n<td>\u00a0mathonsjado<\/td>\n<td>\u00a0deklica<\/td>\n<\/tr>\n<tr>\n<td>\u00a0ko<\/td>\n<td>\u00a0ko<\/td>\n<td>\u00a0kogo<\/td>\n<td>\u00a0no\u017e<\/td>\n<\/tr>\n<tr>\n<td>\u00a0thotolago<\/td>\n<td>\u00a0thotola<\/td>\n<td>\u00a0thotolago<\/td>\n<td>\u00a0pomaran\u010da<\/td>\n<\/tr>\n<tr>\n<td>\u00a0kodo<\/td>\n<td>\u00a0kon<\/td>\n<td>\u00a0kodo<\/td>\n<td>\u00a0paradi\u017enik<\/td>\n<\/tr>\n<tr>\n<td>\u00a0pho<\/td>\n<td>pho<\/td>\n<td>phogo<\/td>\n<td>bizon<\/td>\n<\/tr>\n<tr>\n<td>\u00a0tsegun<\/td>\n<td>\u00a0tsegun<\/td>\n<td>\u00a0tsegudo<\/td>\n<td>\u00a0pes<\/td>\n<\/tr>\n<tr>\n<td>\u00a0olsun<\/td>\n<td>olsun<\/td>\n<td>olsudo<\/td>\n<td>glavnik<\/td>\n<\/tr>\n<tr>\n<td>\u00a0alosohjego<\/td>\n<td>\u00a0alosohje<\/td>\n<td>\u00a0alosohjego<\/td>\n<td>\u00a0sliva<\/td>\n<\/tr>\n<tr>\n<td><\/td>\n<td>\u00a0kaphtho<\/td>\n<td><\/td>\n<td>\u00a0starec<\/td>\n<\/tr>\n<tr>\n<td><\/td>\n<td>\u00a0alo<\/td>\n<td><\/td>\n<td>\u00a0jabolko<\/td>\n<\/tr>\n<tr>\n<td><\/td>\n<td>\u00a0pitso<\/td>\n<td><\/td>\n<td>\u00a0vilice<\/td>\n<\/tr>\n<tr>\n<td><\/td>\n<td><\/td>\n<td>\u00a0sado<\/td>\n<td>\u00a0otrok<\/td>\n<\/tr>\n<tr>\n<td><\/td>\n<td><\/td>\n<td>aufigo<\/td>\n<td>\u00a0riba<\/td>\n<\/tr>\n<\/tbody>\n<\/table>\n<p>&nbsp;<\/p><\/blockquote>\n<p>Za namig lahko pi\u0161ete na email <a href=\"mailto:&#x69;&#x6e;&#x66;&#x6f;&#x40;&#x6c;&#x69;&#x6e;&#x67;&#x76;&#x69;&#x73;&#x74;&#x69;&#x6b;&#x61;&#x2e;&#x73;&#x69;\">&#x69;&#x6e;&#x66;&#x6f;&#x40;<span class=\"oe_displaynone\">null<\/span>&#x6c;&#x69;&#x6e;&#x67;&#x76;&#x69;&#x73;&#x74;&#x69;&#x6b;&#x61;&#x2e;&#x73;&#x69;<\/a>, lahko\u00a0pa tudi po\u0161ljete svojo re\u0161itev v pregled.<\/p>","protected":false},"excerpt":{"rendered":"<p>Spodaj je te\u017eja naloga iz jezika kiowa. Uvr\u0161\u010dena je med foneti\u010dne, ker je treba ugotoviti obliko zapisa. Te\u017eja je pa zato, ker so kon\u010dnice odvisne od ve\u010d razli\u010dnih pravil. Podane so ednina, dvojina in mno\u017eina besed v jeziku kiowa in njihovi prevodi v sloven\u0161\u010dino. Dopolni manjkajo\u010de besede v tabeli in napi\u0161i pravila za tvorjenje ednine, &hellip; <a href=\"https:\/\/lingvistika.si\/?page_id=449\" class=\"more-link\">Continue reading <span class=\"screen-reader-text\">Kiowa 3<\/span> <span class=\"meta-nav\">&rarr;<\/span><\/a><\/p>\n","protected":false},"author":1,"featured_media":0,"parent":0,"menu_order":0,"comment_status":"open","ping_status":"open","template":"","meta":{"footnotes":""},"categories":[11,1,10],"class_list":["post-449","page","type-page","status-publish","hentry","category-srednje-tezke-naloge","category-uncategorized","category-foneticne-naloge"],"_links":{"self":[{"href":"https:\/\/lingvistika.si\/index.php?rest_route=\/wp\/v2\/pages\/449","targetHints":{"allow":["GET"]}}],"collection":[{"href":"https:\/\/lingvistika.si\/index.php?rest_route=\/wp\/v2\/pages"}],"about":[{"href":"https:\/\/lingvistika.si\/index.php?rest_route=\/wp\/v2\/types\/page"}],"author":[{"embeddable":true,"href":"https:\/\/lingvistika.si\/index.php?rest_route=\/wp\/v2\/users\/1"}],"replies":[{"embeddable":true,"href":"https:\/\/lingvistika.si\/index.php?rest_route=%2Fwp%2Fv2%2Fcomments&post=449"}],"version-history":[{"count":1,"href":"https:\/\/lingvistika.si\/index.php?rest_route=\/wp\/v2\/pages\/449\/revisions"}],"predecessor-version":[{"id":450,"href":"https:\/\/lingvistika.si\/index.php?rest_route=\/wp\/v2\/pages\/449\/revisions\/450"}],"wp:attachment":[{"href":"https:\/\/lingvistika.si\/index.php?rest_route=%2Fwp%2Fv2%2Fmedia&parent=449"}],"wp:term":[{"taxonomy":"category","embeddable":true,"href":"https:\/\/lingvistika.si\/index.php?rest_route=%2Fwp%2Fv2%2Fcategories&post=449"}],"curies":[{"name":"wp","href":"https:\/\/api.w.org\/{rel}","templated":true}]}}