{"id":527,"date":"2014-11-23T21:04:27","date_gmt":"2014-11-23T21:04:27","guid":{"rendered":"http:\/\/lingvistika.si\/?page_id=527"},"modified":"2014-11-23T21:04:27","modified_gmt":"2014-11-23T21:04:27","slug":"izmisljeni-jezik","status":"publish","type":"page","link":"https:\/\/lingvistika.si\/?page_id=527","title":{"rendered":"Izmi\u0161ljeni jezik"},"content":{"rendered":"<p>Spodnja naloga iz izmi\u0161ljenega jezika je lahka, saj morate ugotoviti le dve pravili. Je pa eno izmed pravil morda malo te\u017eje ugotoviti kot drugo. \u010ceprav je jezik izmi\u0161ljen, je nastala ideja zanj po resni\u010dnem jeziku &#8211; nizozem\u0161\u010dini.<\/p>\n<blockquote><p>Podani so stavki v izmi\u0161ljnem jeziku in njihovi prevodi v sloven\u0161\u010dino. Prevedi besede, dolo\u010di vrstni red besed v stavku, zapi\u0161i pravila izmi\u0161ljenega jezika in prevedi nekaj primerov.<\/p>\n<table>\n<tbody>\n<tr>\n<td>Stut kebk aan bok.<\/td>\n<td>\u0160tudent ima knjigo.<\/td>\n<\/tr>\n<tr>\n<td>Jonga kebk gaan icel.<\/td>\n<td>Dekle nima sladoleda.<\/td>\n<\/tr>\n<tr>\n<td>Prosora tank niet.<\/td>\n<td>Profesorica ne ple\u0161e.<\/td>\n<\/tr>\n<tr>\n<td>Rota koork gaan ik.<\/td>\n<td>Mama me ne sli\u0161i.<\/td>\n<\/tr>\n<tr>\n<td>Jong kebk aan jonga.<\/td>\n<td>Fant ima dekle.<\/td>\n<\/tr>\n<tr>\n<td>Jonga sik gaan rus.<\/td>\n<td>Dekle ne vidi ro\u017ee.<\/td>\n<\/tr>\n<tr>\n<td>Stut koork niet.<\/td>\n<td>\u0160tudent ne sli\u0161i.<\/td>\n<\/tr>\n<tr>\n<td>Nita koork aan rot.<\/td>\n<td>Teta sli\u0161i o\u010deta.<\/td>\n<\/tr>\n<tr>\n<td>Hij sik aan rus.<\/td>\n<td>On vidi ro\u017eo.<\/td>\n<\/tr>\n<\/tbody>\n<\/table>\n<p>&nbsp;<\/p>\n<p>Prevedi v\u00a0izmi\u0161ljeni jezik:<\/p>\n<ol>\n<li>O\u010de ne ple\u0161e.<\/li>\n<li>Profesor ga ne sli\u0161i.<\/li>\n<li>Jaz nimam tete.<\/li>\n<\/ol>\n<p>&nbsp;<\/p>\n<p>Prevedi v sloven\u0161\u010dino:<\/p>\n<ol>\n<li>Hija koork aan stuta.<\/li>\n<li>Nit kebk aan icel.<\/li>\n<li>Jonga sik gaan jong.<\/li>\n<li>Nita sik niet.<\/li>\n<\/ol>\n<\/blockquote>\n<p>&nbsp;<\/p>\n<p>Za namig lahko pi\u0161ete na email\u00a0<a href=\"mailto:&#x69;&#x6e;&#x66;&#x6f;&#x40;&#x6c;&#x69;&#x6e;&#x67;&#x76;&#x69;&#x73;&#x74;&#x69;&#x6b;&#x61;&#x2e;&#x73;&#x69;\">&#x69;&#x6e;&#x66;&#x6f;&#x40;<span class=\"oe_displaynone\">null<\/span>&#x6c;&#x69;&#x6e;&#x67;&#x76;&#x69;&#x73;&#x74;&#x69;&#x6b;&#x61;&#x2e;&#x73;&#x69;<\/a>. Lahko pa tudi po\u0161ljete svojo re\u0161itev (prevode in pravila) v pregled.<\/p>","protected":false},"excerpt":{"rendered":"<p>Spodnja naloga iz izmi\u0161ljenega jezika je lahka, saj morate ugotoviti le dve pravili. Je pa eno izmed pravil morda malo te\u017eje ugotoviti kot drugo. \u010ceprav je jezik izmi\u0161ljen, je nastala ideja zanj po resni\u010dnem jeziku &#8211; nizozem\u0161\u010dini. Podani so stavki v izmi\u0161ljnem jeziku in njihovi prevodi v sloven\u0161\u010dino. Prevedi besede, dolo\u010di vrstni red besed v &hellip; <a href=\"https:\/\/lingvistika.si\/?page_id=527\" class=\"more-link\">Continue reading <span class=\"screen-reader-text\">Izmi\u0161ljeni jezik<\/span> <span class=\"meta-nav\">&rarr;<\/span><\/a><\/p>\n","protected":false},"author":1,"featured_media":0,"parent":0,"menu_order":0,"comment_status":"open","ping_status":"open","template":"","meta":{"footnotes":""},"categories":[3,1,9],"class_list":["post-527","page","type-page","status-publish","hentry","category-lahke-naloge","category-uncategorized","category-prevajalske-naloge"],"_links":{"self":[{"href":"https:\/\/lingvistika.si\/index.php?rest_route=\/wp\/v2\/pages\/527","targetHints":{"allow":["GET"]}}],"collection":[{"href":"https:\/\/lingvistika.si\/index.php?rest_route=\/wp\/v2\/pages"}],"about":[{"href":"https:\/\/lingvistika.si\/index.php?rest_route=\/wp\/v2\/types\/page"}],"author":[{"embeddable":true,"href":"https:\/\/lingvistika.si\/index.php?rest_route=\/wp\/v2\/users\/1"}],"replies":[{"embeddable":true,"href":"https:\/\/lingvistika.si\/index.php?rest_route=%2Fwp%2Fv2%2Fcomments&post=527"}],"version-history":[{"count":2,"href":"https:\/\/lingvistika.si\/index.php?rest_route=\/wp\/v2\/pages\/527\/revisions"}],"predecessor-version":[{"id":529,"href":"https:\/\/lingvistika.si\/index.php?rest_route=\/wp\/v2\/pages\/527\/revisions\/529"}],"wp:attachment":[{"href":"https:\/\/lingvistika.si\/index.php?rest_route=%2Fwp%2Fv2%2Fmedia&parent=527"}],"wp:term":[{"taxonomy":"category","embeddable":true,"href":"https:\/\/lingvistika.si\/index.php?rest_route=%2Fwp%2Fv2%2Fcategories&post=527"}],"curies":[{"name":"wp","href":"https:\/\/api.w.org\/{rel}","templated":true}]}}