{"id":553,"date":"2014-12-28T20:05:35","date_gmt":"2014-12-28T20:05:35","guid":{"rendered":"http:\/\/lingvistika.si\/?page_id=553"},"modified":"2015-09-07T17:55:43","modified_gmt":"2015-09-07T17:55:43","slug":"bambara","status":"publish","type":"page","link":"https:\/\/lingvistika.si\/?page_id=553","title":{"rendered":"Bambara"},"content":{"rendered":"<p><span style=\"line-height: 1.5;\">Spodnja \u0161tevilska naloga je med la\u017ejimi, primerna za tiste, ki se prvi\u010d sre\u010dujete s \u0161tevilskimi lingvisti\u010dnimi nalogami.\u00a0<\/span><\/p>\n<blockquote><p>Podana so \u0161tevila in njihov zapis v jeziku bambara. Ugotovi pravila njihovega \u0161tevilskega sistema in re\u0161i dane naloge.<\/p>\n<table>\n<tbody>\n<tr>\n<td>1<\/td>\n<td>kelen<\/td>\n<td>\u00a018<\/td>\n<td>\u00a0tan ni segi<\/td>\n<\/tr>\n<tr>\n<td>2<\/td>\n<td>fla<\/td>\n<td>20<\/td>\n<td>mugan<\/td>\n<\/tr>\n<tr>\n<td>4<\/td>\n<td>naani<\/td>\n<td>22<\/td>\n<td>mugan ni fla<\/td>\n<\/tr>\n<tr>\n<td>5<\/td>\n<td>duurun<\/td>\n<td>23<\/td>\n<td>mugan ni saba<\/td>\n<\/tr>\n<tr>\n<td>8<\/td>\n<td>segi<\/td>\n<td>30<\/td>\n<td>bi saba<\/td>\n<\/tr>\n<tr>\n<td>9<\/td>\n<td>kononto<\/td>\n<td>40<\/td>\n<td>bi naani<\/td>\n<\/tr>\n<tr>\n<td>10<\/td>\n<td>tan<\/td>\n<td>70<\/td>\n<td>bi wolonfla<\/td>\n<\/tr>\n<tr>\n<td>11<\/td>\n<td>tan ni kelen<\/td>\n<td>80<\/td>\n<td>bi segi<\/td>\n<\/tr>\n<tr>\n<td>14<\/td>\n<td>tan ni naani<\/td>\n<td>100<\/td>\n<td>kerne<\/td>\n<\/tr>\n<tr>\n<td>16<\/td>\n<td>tan ni wooro<\/td>\n<td>200<\/td>\n<td>kerne fla<\/td>\n<\/tr>\n<tr>\n<td>17<\/td>\n<td>tan ni wolonfla<\/td>\n<td>1000<\/td>\n<td>wa kelen<\/td>\n<\/tr>\n<\/tbody>\n<\/table>\n<p>Zapi\u0161i z besedami manjkajo\u010da \u0161tevila do 20 in \u0161tevila 47, 50, 99, 2015.<\/p>\n<p>Zapi\u0161i s \u0161tevilko:<\/p>\n<p>wa saba ni kerne naani ni bi duurun ni kelen<\/p><\/blockquote>\n<p>&nbsp;<\/p>\n<p>Za namig lahko pi\u0161ete na email <a href=\"mailto:&#x69;&#x6e;&#x66;&#x6f;&#x40;&#x6c;&#x69;&#x6e;&#x67;&#x76;&#x69;&#x73;&#x74;&#x69;&#x6b;&#x61;&#x2e;&#x73;&#x69;\">&#x69;&#x6e;&#x66;&#x6f;&#x40;<span class=\"oe_displaynone\">null<\/span>&#x6c;&#x69;&#x6e;&#x67;&#x76;&#x69;&#x73;&#x74;&#x69;&#x6b;&#x61;&#x2e;&#x73;&#x69;<\/a>. Lahko pa tudi po\u0161ljete svojo re\u0161itev (prevode in pravila) v pregled.<\/p>","protected":false},"excerpt":{"rendered":"<p>Spodnja \u0161tevilska naloga je med la\u017ejimi, primerna za tiste, ki se prvi\u010d sre\u010dujete s \u0161tevilskimi lingvisti\u010dnimi nalogami.\u00a0 Podana so \u0161tevila in njihov zapis v jeziku bambara. Ugotovi pravila njihovega \u0161tevilskega sistema in re\u0161i dane naloge. 1 kelen \u00a018 \u00a0tan ni segi 2 fla 20 mugan 4 naani 22 mugan ni fla 5 duurun 23 mugan &hellip; <a href=\"https:\/\/lingvistika.si\/?page_id=553\" class=\"more-link\">Continue reading <span class=\"screen-reader-text\">Bambara<\/span> <span class=\"meta-nav\">&rarr;<\/span><\/a><\/p>\n","protected":false},"author":1,"featured_media":0,"parent":0,"menu_order":0,"comment_status":"open","ping_status":"closed","template":"","meta":{"footnotes":""},"categories":[3,1,12],"class_list":["post-553","page","type-page","status-publish","hentry","category-lahke-naloge","category-uncategorized","category-stevilske-naloge"],"_links":{"self":[{"href":"https:\/\/lingvistika.si\/index.php?rest_route=\/wp\/v2\/pages\/553","targetHints":{"allow":["GET"]}}],"collection":[{"href":"https:\/\/lingvistika.si\/index.php?rest_route=\/wp\/v2\/pages"}],"about":[{"href":"https:\/\/lingvistika.si\/index.php?rest_route=\/wp\/v2\/types\/page"}],"author":[{"embeddable":true,"href":"https:\/\/lingvistika.si\/index.php?rest_route=\/wp\/v2\/users\/1"}],"replies":[{"embeddable":true,"href":"https:\/\/lingvistika.si\/index.php?rest_route=%2Fwp%2Fv2%2Fcomments&post=553"}],"version-history":[{"count":7,"href":"https:\/\/lingvistika.si\/index.php?rest_route=\/wp\/v2\/pages\/553\/revisions"}],"predecessor-version":[{"id":710,"href":"https:\/\/lingvistika.si\/index.php?rest_route=\/wp\/v2\/pages\/553\/revisions\/710"}],"wp:attachment":[{"href":"https:\/\/lingvistika.si\/index.php?rest_route=%2Fwp%2Fv2%2Fmedia&parent=553"}],"wp:term":[{"taxonomy":"category","embeddable":true,"href":"https:\/\/lingvistika.si\/index.php?rest_route=%2Fwp%2Fv2%2Fcategories&post=553"}],"curies":[{"name":"wp","href":"https:\/\/api.w.org\/{rel}","templated":true}]}}