{"id":577,"date":"2015-01-11T22:14:46","date_gmt":"2015-01-11T22:14:46","guid":{"rendered":"http:\/\/lingvistika.si\/?page_id=577"},"modified":"2015-01-25T10:30:42","modified_gmt":"2015-01-25T10:30:42","slug":"nepalscina","status":"publish","type":"page","link":"https:\/\/lingvistika.si\/?page_id=577","title":{"rendered":"Nepal\u0161\u010dina"},"content":{"rendered":"<p>Spodaj je la\u017eja verzija naloge iz nepalskega jezika.<\/p>\n<blockquote><p>Dane so besedne zveze\u00a0v nepal\u0161\u010dini in njihovi slovenski prevodi. Dolo\u010di pravila in prevedi nekaj primerov.<\/p>\n<table>\n<tbody>\n<tr>\n<td>chori<\/td>\n<td>h\u010derka<\/td>\n<\/tr>\n<tr>\n<td>chora haru<\/td>\n<td>sinovi<\/td>\n<\/tr>\n<tr>\n<td>chori ka kako<\/td>\n<td>stric od h\u010derke<\/td>\n<\/tr>\n<tr>\n<td>kaki haru<\/td>\n<td>tete<\/td>\n<\/tr>\n<tr>\n<td>duita kaka<\/td>\n<td>dva strica<\/td>\n<\/tr>\n<tr>\n<td>duiti kaki ka duita chora<\/td>\n<td>dva sinova od dveh tet<\/td>\n<\/tr>\n<\/tbody>\n<\/table>\n<p>&nbsp;<\/p>\n<p>Prevedi v nepal\u0161\u010dino:<\/p>\n<ol>\n<li>h\u010derka od tete<\/li>\n<li>h\u010derke<\/li>\n<li>sin<\/li>\n<li>dve teti od strica<\/li>\n<\/ol>\n<p>&nbsp;<\/p>\n<p>Prevedi v sloven\u0161\u010dino:<\/p>\n<ol>\n<li>chora haru ka chori haru<\/li>\n<li>kako ka choro<\/li>\n<\/ol>\n<\/blockquote>\n<p>&nbsp;<\/p>\n<p>Za namig lahko pi\u0161ete na email <a href=\"mailto:&#x69;&#x6e;&#x66;&#x6f;&#x40;&#x6c;&#x69;&#x6e;&#x67;&#x76;&#x69;&#x73;&#x74;&#x69;&#x6b;&#x61;&#x2e;&#x73;&#x69;\">&#x69;&#x6e;&#x66;&#x6f;&#x40;<span class=\"oe_displaynone\">null<\/span>&#x6c;&#x69;&#x6e;&#x67;&#x76;&#x69;&#x73;&#x74;&#x69;&#x6b;&#x61;&#x2e;&#x73;&#x69;<\/a>. Lahko pa tudi po\u0161ljete svojo re\u0161itev (prevode in pravila) v pregled.<\/p>","protected":false},"excerpt":{"rendered":"<p>Spodaj je la\u017eja verzija naloge iz nepalskega jezika. Dane so besedne zveze\u00a0v nepal\u0161\u010dini in njihovi slovenski prevodi. Dolo\u010di pravila in prevedi nekaj primerov. chori h\u010derka chora haru sinovi chori ka kako stric od h\u010derke kaki haru tete duita kaka dva strica duiti kaki ka duita chora dva sinova od dveh tet &nbsp; Prevedi v nepal\u0161\u010dino: &hellip; <a href=\"https:\/\/lingvistika.si\/?page_id=577\" class=\"more-link\">Continue reading <span class=\"screen-reader-text\">Nepal\u0161\u010dina<\/span> <span class=\"meta-nav\">&rarr;<\/span><\/a><\/p>\n","protected":false},"author":1,"featured_media":0,"parent":0,"menu_order":0,"comment_status":"open","ping_status":"open","template":"","meta":{"footnotes":""},"categories":[3,1,9],"class_list":["post-577","page","type-page","status-publish","hentry","category-lahke-naloge","category-uncategorized","category-prevajalske-naloge"],"_links":{"self":[{"href":"https:\/\/lingvistika.si\/index.php?rest_route=\/wp\/v2\/pages\/577","targetHints":{"allow":["GET"]}}],"collection":[{"href":"https:\/\/lingvistika.si\/index.php?rest_route=\/wp\/v2\/pages"}],"about":[{"href":"https:\/\/lingvistika.si\/index.php?rest_route=\/wp\/v2\/types\/page"}],"author":[{"embeddable":true,"href":"https:\/\/lingvistika.si\/index.php?rest_route=\/wp\/v2\/users\/1"}],"replies":[{"embeddable":true,"href":"https:\/\/lingvistika.si\/index.php?rest_route=%2Fwp%2Fv2%2Fcomments&post=577"}],"version-history":[{"count":2,"href":"https:\/\/lingvistika.si\/index.php?rest_route=\/wp\/v2\/pages\/577\/revisions"}],"predecessor-version":[{"id":589,"href":"https:\/\/lingvistika.si\/index.php?rest_route=\/wp\/v2\/pages\/577\/revisions\/589"}],"wp:attachment":[{"href":"https:\/\/lingvistika.si\/index.php?rest_route=%2Fwp%2Fv2%2Fmedia&parent=577"}],"wp:term":[{"taxonomy":"category","embeddable":true,"href":"https:\/\/lingvistika.si\/index.php?rest_route=%2Fwp%2Fv2%2Fcategories&post=577"}],"curies":[{"name":"wp","href":"https:\/\/api.w.org\/{rel}","templated":true}]}}