{"id":584,"date":"2015-01-18T21:58:43","date_gmt":"2015-01-18T21:58:43","guid":{"rendered":"http:\/\/lingvistika.si\/?page_id=584"},"modified":"2015-01-18T21:58:43","modified_gmt":"2015-01-18T21:58:43","slug":"grska-abeceda","status":"publish","type":"page","link":"https:\/\/lingvistika.si\/?page_id=584","title":{"rendered":"Gr\u0161ka abeceda"},"content":{"rendered":"<p><span style=\"line-height: 1.5;\">Pisava v spodnji nalogi vam bo (ali pa vam je) prav pri\u0161la na kakih po\u010ditnicah pa tudi pri matematiki.<\/span><\/p>\n<blockquote><p>S pomo\u010djo danih treh besed razvozlaj spodnji napis v gr\u0161\u010dini.<\/p>\n<p style=\"text-align: center;\"><span style=\"color: #000000;\">\u03b3<\/span><span style=\"color: #000000;\">\u03b1<\/span><span style=\"color: #000000;\">\u03b2<\/span><span style=\"color: #000000;\">\u03c1<\/span><span style=\"color: #000000;\">\u03b9<\/span><span style=\"color: #000000;\">\u03c5<\/span><span style=\"color: #000000;\">\u03b5<\/span><span style=\"color: #000000;\">\u03bb<\/span><span style=\"color: #000000;\">\u03b1<\/span><\/p>\n<table>\n<tbody>\n<tr>\n<td>\u03c1\u03b9\u03b2\u03b1<\/td>\n<td>riba<\/td>\n<\/tr>\n<tr>\n<td>\u03b3\u03b1\u03c5<\/td>\n<td>gaj<\/td>\n<\/tr>\n<tr>\n<td>\u03b2\u03b5\u03bb\u03b1<\/td>\n<td>bela<\/td>\n<\/tr>\n<\/tbody>\n<\/table>\n<p>&nbsp;<\/p><\/blockquote>\n<p>Za namig lahko pi\u0161ete na email <a href=\"mailto:&#x69;&#x6e;&#x66;&#x6f;&#x40;&#x6c;&#x69;&#x6e;&#x67;&#x76;&#x69;&#x73;&#x74;&#x69;&#x6b;&#x61;&#x2e;&#x73;&#x69;\">&#x69;&#x6e;&#x66;&#x6f;&#x40;<span class=\"oe_displaynone\">null<\/span>&#x6c;&#x69;&#x6e;&#x67;&#x76;&#x69;&#x73;&#x74;&#x69;&#x6b;&#x61;&#x2e;&#x73;&#x69;<\/a>, ampak mislim, da ga za to nalogo ne boste potrebovali.<\/p>","protected":false},"excerpt":{"rendered":"<p>Pisava v spodnji nalogi vam bo (ali pa vam je) prav pri\u0161la na kakih po\u010ditnicah pa tudi pri matematiki. S pomo\u010djo danih treh besed razvozlaj spodnji napis v gr\u0161\u010dini. \u03b3\u03b1\u03b2\u03c1\u03b9\u03c5\u03b5\u03bb\u03b1 \u03c1\u03b9\u03b2\u03b1 riba \u03b3\u03b1\u03c5 gaj \u03b2\u03b5\u03bb\u03b1 bela &nbsp; Za namig lahko pi\u0161ete na email &#x69;&#x6e;&#x66;&#x6f;&#x40;null&#x6c;&#x69;&#x6e;&#x67;&#x76;&#x69;&#x73;&#x74;&#x69;&#x6b;&#x61;&#x2e;&#x73;&#x69;, ampak mislim, da ga za to nalogo ne boste potrebovali.<\/p>\n","protected":false},"author":1,"featured_media":0,"parent":0,"menu_order":0,"comment_status":"open","ping_status":"open","template":"","meta":{"footnotes":""},"categories":[5,1,13],"class_list":["post-584","page","type-page","status-publish","hentry","category-zacetniske-naloge","category-uncategorized","category-naloge-iz-pisav"],"_links":{"self":[{"href":"https:\/\/lingvistika.si\/index.php?rest_route=\/wp\/v2\/pages\/584","targetHints":{"allow":["GET"]}}],"collection":[{"href":"https:\/\/lingvistika.si\/index.php?rest_route=\/wp\/v2\/pages"}],"about":[{"href":"https:\/\/lingvistika.si\/index.php?rest_route=\/wp\/v2\/types\/page"}],"author":[{"embeddable":true,"href":"https:\/\/lingvistika.si\/index.php?rest_route=\/wp\/v2\/users\/1"}],"replies":[{"embeddable":true,"href":"https:\/\/lingvistika.si\/index.php?rest_route=%2Fwp%2Fv2%2Fcomments&post=584"}],"version-history":[{"count":3,"href":"https:\/\/lingvistika.si\/index.php?rest_route=\/wp\/v2\/pages\/584\/revisions"}],"predecessor-version":[{"id":587,"href":"https:\/\/lingvistika.si\/index.php?rest_route=\/wp\/v2\/pages\/584\/revisions\/587"}],"wp:attachment":[{"href":"https:\/\/lingvistika.si\/index.php?rest_route=%2Fwp%2Fv2%2Fmedia&parent=584"}],"wp:term":[{"taxonomy":"category","embeddable":true,"href":"https:\/\/lingvistika.si\/index.php?rest_route=%2Fwp%2Fv2%2Fcategories&post=584"}],"curies":[{"name":"wp","href":"https:\/\/api.w.org\/{rel}","templated":true}]}}