{"id":599,"date":"2015-02-01T22:08:21","date_gmt":"2015-02-01T22:08:21","guid":{"rendered":"http:\/\/lingvistika.si\/?page_id=599"},"modified":"2015-02-01T22:10:40","modified_gmt":"2015-02-01T22:10:40","slug":"turscina","status":"publish","type":"page","link":"https:\/\/lingvistika.si\/?page_id=599","title":{"rendered":"Tur\u0161\u010dina"},"content":{"rendered":"<p><span style=\"line-height: 1.5;\">Iz sloven\u0161\u010dine smo navajeni, da imajo besede kon\u010dnice. Kako kon\u010dnice dodajamo na konec besed pa se od jezika do jezika razlikuje.<\/span><\/p>\n<blockquote><p>Podane so tur\u0161ke besede\u00a0in njihovi prevodi v sloven\u0161\u010dino. Dolo\u010di pravila za kon\u010dnice in prevedi nekaj novih besed.<\/p>\n<table>\n<tbody>\n<tr>\n<td>adam<\/td>\n<td>mo\u0161ki<\/td>\n<\/tr>\n<tr>\n<td>adamlara<\/td>\n<td>k mo\u0161kim<\/td>\n<\/tr>\n<tr>\n<td>arabalar<\/td>\n<td>avtomobili<\/td>\n<\/tr>\n<tr>\n<td>defter<\/td>\n<td>zvezek<\/td>\n<\/tr>\n<tr>\n<td>deftere<\/td>\n<td>k zvezku<\/td>\n<\/tr>\n<tr>\n<td>defterlerde<\/td>\n<td>v zvezkih<\/td>\n<\/tr>\n<tr>\n<td>denize<\/td>\n<td>k morju<\/td>\n<\/tr>\n<tr>\n<td>evin<\/td>\n<td>od hi\u0161e (hi\u0161ino, lastnina)<\/td>\n<\/tr>\n<tr>\n<td>kilimde<\/td>\n<td>v preprogi<\/td>\n<\/tr>\n<tr>\n<td>masadan<\/td>\n<td>z miz (dol z miz, stran od miz)<\/td>\n<\/tr>\n<tr>\n<td>domateslerinden<\/td>\n<td>s tvojih paradi\u017enikov (stran od tvojih paradi\u017enikov)<\/td>\n<\/tr>\n<tr>\n<td>\u00a0okulun<\/td>\n<td>\u00a0od \u0161ole (\u0161olino, lastnina)<\/td>\n<\/tr>\n<tr>\n<td>\u00a0adamin<\/td>\n<td>\u00a0tvoj mo\u0161ki<\/td>\n<\/tr>\n<\/tbody>\n<\/table>\n<p>&nbsp;<\/p>\n<p>Prevedi:<\/p>\n<table>\n<tbody>\n<tr>\n<td><\/td>\n<td>avtomobil<\/td>\n<\/tr>\n<tr>\n<td><\/td>\n<td>mize (miza tur\u0161ko je &#8220;masa&#8221;)<\/td>\n<\/tr>\n<tr>\n<td><\/td>\n<td>morja<\/td>\n<\/tr>\n<tr>\n<td>defterde<\/td>\n<td><\/td>\n<\/tr>\n<tr>\n<td>odalardan<\/td>\n<td>(nekaj v zvezi s sobo)<\/td>\n<\/tr>\n<tr>\n<td><\/td>\n<td>k tvoji \u0161oli<\/td>\n<\/tr>\n<tr>\n<td>evinin<\/td>\n<td><\/td>\n<\/tr>\n<tr>\n<td><\/td>\n<td>od tvojih avtomobilov<\/td>\n<\/tr>\n<tr>\n<td>\u00a0adamlaruninda (araba)<\/td>\n<td><\/td>\n<\/tr>\n<tr>\n<td><\/td>\n<td>\u00a0v zvezku<\/td>\n<\/tr>\n<\/tbody>\n<\/table>\n<p>&nbsp;<\/p><\/blockquote>\n<p>Za namig lahko pi\u0161ete na email <a href=\"mailto:&#x69;&#x6e;&#x66;&#x6f;&#x40;&#x6c;&#x69;&#x6e;&#x67;&#x76;&#x69;&#x73;&#x74;&#x69;&#x6b;&#x61;&#x2e;&#x73;&#x69;\">&#x69;&#x6e;&#x66;&#x6f;&#x40;<span class=\"oe_displaynone\">null<\/span>&#x6c;&#x69;&#x6e;&#x67;&#x76;&#x69;&#x73;&#x74;&#x69;&#x6b;&#x61;&#x2e;&#x73;&#x69;<\/a>. Lahko pa tudi po\u0161ljete svojo re\u0161itev (prevode in pravila) v pregled.<\/p>","protected":false},"excerpt":{"rendered":"<p>Iz sloven\u0161\u010dine smo navajeni, da imajo besede kon\u010dnice. Kako kon\u010dnice dodajamo na konec besed pa se od jezika do jezika razlikuje. Podane so tur\u0161ke besede\u00a0in njihovi prevodi v sloven\u0161\u010dino. Dolo\u010di pravila za kon\u010dnice in prevedi nekaj novih besed. adam mo\u0161ki adamlara k mo\u0161kim arabalar avtomobili defter zvezek deftere k zvezku defterlerde v zvezkih denize k &hellip; <a href=\"https:\/\/lingvistika.si\/?page_id=599\" class=\"more-link\">Continue reading <span class=\"screen-reader-text\">Tur\u0161\u010dina<\/span> <span class=\"meta-nav\">&rarr;<\/span><\/a><\/p>\n","protected":false},"author":1,"featured_media":0,"parent":0,"menu_order":0,"comment_status":"open","ping_status":"open","template":"","meta":{"footnotes":""},"categories":[11,1,9],"class_list":["post-599","page","type-page","status-publish","hentry","category-srednje-tezke-naloge","category-uncategorized","category-prevajalske-naloge"],"_links":{"self":[{"href":"https:\/\/lingvistika.si\/index.php?rest_route=\/wp\/v2\/pages\/599","targetHints":{"allow":["GET"]}}],"collection":[{"href":"https:\/\/lingvistika.si\/index.php?rest_route=\/wp\/v2\/pages"}],"about":[{"href":"https:\/\/lingvistika.si\/index.php?rest_route=\/wp\/v2\/types\/page"}],"author":[{"embeddable":true,"href":"https:\/\/lingvistika.si\/index.php?rest_route=\/wp\/v2\/users\/1"}],"replies":[{"embeddable":true,"href":"https:\/\/lingvistika.si\/index.php?rest_route=%2Fwp%2Fv2%2Fcomments&post=599"}],"version-history":[{"count":4,"href":"https:\/\/lingvistika.si\/index.php?rest_route=\/wp\/v2\/pages\/599\/revisions"}],"predecessor-version":[{"id":603,"href":"https:\/\/lingvistika.si\/index.php?rest_route=\/wp\/v2\/pages\/599\/revisions\/603"}],"wp:attachment":[{"href":"https:\/\/lingvistika.si\/index.php?rest_route=%2Fwp%2Fv2%2Fmedia&parent=599"}],"wp:term":[{"taxonomy":"category","embeddable":true,"href":"https:\/\/lingvistika.si\/index.php?rest_route=%2Fwp%2Fv2%2Fcategories&post=599"}],"curies":[{"name":"wp","href":"https:\/\/api.w.org\/{rel}","templated":true}]}}