{"id":614,"date":"2015-02-22T19:53:44","date_gmt":"2015-02-22T19:53:44","guid":{"rendered":"http:\/\/lingvistika.si\/?page_id=614"},"modified":"2015-02-22T19:53:44","modified_gmt":"2015-02-22T19:53:44","slug":"irscina","status":"publish","type":"page","link":"https:\/\/lingvistika.si\/?page_id=614","title":{"rendered":"Ir\u0161\u010dina"},"content":{"rendered":"<p><span style=\"line-height: 1.5;\">Ir\u0161\u010dina sodi med keltske jezike. Ti so le daljni sorodniki germanskih jezikov, a z malo domi\u0161ljije je zapis nekaterih \u0161tevil v ir\u0161\u010dini neverjetno podoben angle\u0161kim ali nem\u0161kim. (Naloga je prilagojena in ne odra\u017ea lastnosti jezika v celoti.)<\/span><\/p>\n<blockquote><p>Podana so \u0161tevila in njihov zapis v ir\u0161\u010dini. Zapi\u0161i pravila irskega \u0161tevilskega sistema in prevedi nekaj primerov.<\/p>\n<table>\n<tbody>\n<tr>\n<td>3<\/td>\n<td>tri<\/td>\n<\/tr>\n<tr>\n<td>5<\/td>\n<td>cuig<\/td>\n<\/tr>\n<tr>\n<td>6<\/td>\n<td>se<\/td>\n<\/tr>\n<tr>\n<td>17<\/td>\n<td>seacht deag<\/td>\n<\/tr>\n<tr>\n<td>39<\/td>\n<td>naoi deag is fichid<\/td>\n<\/tr>\n<tr>\n<td>43<\/td>\n<td>tri is dha fichid<\/td>\n<\/tr>\n<tr>\n<td>48<\/td>\n<td>ocht is dha fichid<\/td>\n<\/tr>\n<tr>\n<td>57<\/td>\n<td>seacht deag is dha fichid<\/td>\n<\/tr>\n<tr>\n<td>66<\/td>\n<td>se is tri fichid<\/td>\n<\/tr>\n<tr>\n<td>80<\/td>\n<td>ceithre fichid<\/td>\n<\/tr>\n<tr>\n<td>92<\/td>\n<td>dha deag is ceithre fichid<\/td>\n<\/tr>\n<\/tbody>\n<\/table>\n<p>&nbsp;<\/p>\n<p>Zapi\u0161i s \u0161tevili:<\/p>\n<table>\n<tbody>\n<tr>\n<td>naoi deag is ceithre fichid<\/td>\n<td><\/td>\n<\/tr>\n<tr>\n<td>se deag<\/td>\n<td><\/td>\n<\/tr>\n<tr>\n<td>naoi<\/td>\n<td><\/td>\n<\/tr>\n<tr>\n<td>fichid<\/td>\n<td><\/td>\n<\/tr>\n<tr>\n<td>deag is fichid<\/td>\n<td><\/td>\n<\/tr>\n<\/tbody>\n<\/table>\n<p>Zapi\u0161i z besedami:<\/p>\n<table>\n<tbody>\n<tr>\n<td>2<\/td>\n<td><\/td>\n<\/tr>\n<tr>\n<td>38<\/td>\n<td><\/td>\n<\/tr>\n<tr>\n<td>14<\/td>\n<td><\/td>\n<\/tr>\n<tr>\n<td>90<\/td>\n<td><\/td>\n<\/tr>\n<\/tbody>\n<\/table>\n<p>&nbsp;<\/p><\/blockquote>\n<p>Za namig lahko pi\u0161ete na email <a href=\"mailto:&#x69;&#x6e;&#x66;&#x6f;&#x40;&#x6c;&#x69;&#x6e;&#x67;&#x76;&#x69;&#x73;&#x74;&#x69;&#x6b;&#x61;&#x2e;&#x73;&#x69;\">&#x69;&#x6e;&#x66;&#x6f;&#x40;<span class=\"oe_displaynone\">null<\/span>&#x6c;&#x69;&#x6e;&#x67;&#x76;&#x69;&#x73;&#x74;&#x69;&#x6b;&#x61;&#x2e;&#x73;&#x69;<\/a>. Lahko pa tudi po\u0161ljete svojo re\u0161itev (prevode in pravila) v pregled.<\/p>","protected":false},"excerpt":{"rendered":"<p>Ir\u0161\u010dina sodi med keltske jezike. Ti so le daljni sorodniki germanskih jezikov, a z malo domi\u0161ljije je zapis nekaterih \u0161tevil v ir\u0161\u010dini neverjetno podoben angle\u0161kim ali nem\u0161kim. (Naloga je prilagojena in ne odra\u017ea lastnosti jezika v celoti.) Podana so \u0161tevila in njihov zapis v ir\u0161\u010dini. Zapi\u0161i pravila irskega \u0161tevilskega sistema in prevedi nekaj primerov. 3 &hellip; <a href=\"https:\/\/lingvistika.si\/?page_id=614\" class=\"more-link\">Continue reading <span class=\"screen-reader-text\">Ir\u0161\u010dina<\/span> <span class=\"meta-nav\">&rarr;<\/span><\/a><\/p>\n","protected":false},"author":1,"featured_media":0,"parent":0,"menu_order":0,"comment_status":"open","ping_status":"open","template":"","meta":{"footnotes":""},"categories":[11,1,12],"class_list":["post-614","page","type-page","status-publish","hentry","category-srednje-tezke-naloge","category-uncategorized","category-stevilske-naloge"],"_links":{"self":[{"href":"https:\/\/lingvistika.si\/index.php?rest_route=\/wp\/v2\/pages\/614","targetHints":{"allow":["GET"]}}],"collection":[{"href":"https:\/\/lingvistika.si\/index.php?rest_route=\/wp\/v2\/pages"}],"about":[{"href":"https:\/\/lingvistika.si\/index.php?rest_route=\/wp\/v2\/types\/page"}],"author":[{"embeddable":true,"href":"https:\/\/lingvistika.si\/index.php?rest_route=\/wp\/v2\/users\/1"}],"replies":[{"embeddable":true,"href":"https:\/\/lingvistika.si\/index.php?rest_route=%2Fwp%2Fv2%2Fcomments&post=614"}],"version-history":[{"count":2,"href":"https:\/\/lingvistika.si\/index.php?rest_route=\/wp\/v2\/pages\/614\/revisions"}],"predecessor-version":[{"id":616,"href":"https:\/\/lingvistika.si\/index.php?rest_route=\/wp\/v2\/pages\/614\/revisions\/616"}],"wp:attachment":[{"href":"https:\/\/lingvistika.si\/index.php?rest_route=%2Fwp%2Fv2%2Fmedia&parent=614"}],"wp:term":[{"taxonomy":"category","embeddable":true,"href":"https:\/\/lingvistika.si\/index.php?rest_route=%2Fwp%2Fv2%2Fcategories&post=614"}],"curies":[{"name":"wp","href":"https:\/\/api.w.org\/{rel}","templated":true}]}}