{"id":619,"date":"2015-03-01T20:26:41","date_gmt":"2015-03-01T20:26:41","guid":{"rendered":"http:\/\/lingvistika.si\/?page_id=619"},"modified":"2015-03-01T20:26:41","modified_gmt":"2015-03-01T20:26:41","slug":"irscina-2","status":"publish","type":"page","link":"https:\/\/lingvistika.si\/?page_id=619","title":{"rendered":"Ir\u0161\u010dina 2"},"content":{"rendered":"<p><span style=\"line-height: 1.5;\">Te\u017eja verzija naloge z irskimi \u0161tevili. Ir\u0161\u010dina sodi med keltske jezike. Ti so le daljni sorodniki germanskih jezikov, a z malo domi\u0161ljije je zapis nekaterih \u0161tevil v ir\u0161\u010dini neverjetno podoben angle\u0161kim ali nem\u0161kim.\u00a0<\/span><\/p>\n<blockquote><p>Podane so besedne zveze s \u0161tevili v ir\u0161\u010dini in njihov prevod v sloven\u0161\u010dino. Zapi\u0161i pravila za \u0161tetje predmetov v ir\u0161\u010dini in prevedi nekaj primerov.<\/p>\n<table>\n<tbody>\n<tr>\n<td>1 vrt<\/td>\n<td>garra amhain<\/td>\n<\/tr>\n<tr>\n<td>3 \u010dolni<\/td>\n<td>tri bhad<\/td>\n<\/tr>\n<tr>\n<td>5 zidov<\/td>\n<td>cuig bhalla<\/td>\n<\/tr>\n<tr>\n<td>6 ljudi<\/td>\n<td>se dhuine<\/td>\n<\/tr>\n<tr>\n<td>10 \u010dolnov<\/td>\n<td>deich mbad<\/td>\n<\/tr>\n<tr>\n<td>11 fantov<\/td>\n<td>gasur deag<\/td>\n<\/tr>\n<tr>\n<td>17 vrat<\/td>\n<td>seacht ndoras deag<\/td>\n<\/tr>\n<tr>\n<td>39 ljudi<\/td>\n<td>naoi nduine deag is fiche<\/td>\n<\/tr>\n<tr>\n<td>43 vrat<\/td>\n<td>tri dhoras is dha fichid<\/td>\n<\/tr>\n<tr>\n<td>48 zidov<\/td>\n<td>ocht mballa is dha fichid<\/td>\n<\/tr>\n<tr>\n<td>57 \u010dolnov<\/td>\n<td>seacht mbad deag is dha fichid<\/td>\n<\/tr>\n<tr>\n<td>66 fantov<\/td>\n<td>se ghasur is tri fichid<\/td>\n<\/tr>\n<tr>\n<td>80 vrat<\/td>\n<td>ceithre fichid doras<\/td>\n<\/tr>\n<tr>\n<td>81 vrtov<\/td>\n<td>garra is ceithre fichid<\/td>\n<\/tr>\n<tr>\n<td>92 vrtov<\/td>\n<td>dha gharra deag is ceithre fichid<\/td>\n<\/tr>\n<\/tbody>\n<\/table>\n<p>&nbsp;<\/p>\n<p>Zapi\u0161i s \u0161tevili:<\/p>\n<table>\n<tbody>\n<tr>\n<td>naoi mbad deag is ceithre fichid<\/td>\n<td><\/td>\n<\/tr>\n<tr>\n<td>se dhuine deag<\/td>\n<td><\/td>\n<\/tr>\n<tr>\n<td>naoi nduine<\/td>\n<td><\/td>\n<\/tr>\n<tr>\n<td>fiche gasur<\/td>\n<td><\/td>\n<\/tr>\n<tr>\n<td>garra deag is fiche<\/td>\n<td><\/td>\n<\/tr>\n<\/tbody>\n<\/table>\n<p>Zapi\u0161i z besedami:<\/p>\n<table>\n<tbody>\n<tr>\n<td>2 fanta<\/td>\n<td><\/td>\n<\/tr>\n<tr>\n<td>38 zidov<\/td>\n<td><\/td>\n<\/tr>\n<tr>\n<td>14 zidov<\/td>\n<td><\/td>\n<\/tr>\n<tr>\n<td>71 vrat<\/td>\n<td><\/td>\n<\/tr>\n<tr>\n<td>21 \u010dolnov<\/td>\n<td><\/td>\n<\/tr>\n<tr>\n<td>90 ljudi<\/td>\n<td><\/td>\n<\/tr>\n<\/tbody>\n<\/table>\n<p>&nbsp;<\/p><\/blockquote>\n<p>Za namig lahko pi\u0161ete na email <a href=\"mailto:&#x69;&#x6e;&#x66;&#x6f;&#x40;&#x6c;&#x69;&#x6e;&#x67;&#x76;&#x69;&#x73;&#x74;&#x69;&#x6b;&#x61;&#x2e;&#x73;&#x69;\">&#x69;&#x6e;&#x66;&#x6f;&#x40;<span class=\"oe_displaynone\">null<\/span>&#x6c;&#x69;&#x6e;&#x67;&#x76;&#x69;&#x73;&#x74;&#x69;&#x6b;&#x61;&#x2e;&#x73;&#x69;<\/a>. Lahko pa tudi po\u0161ljete svojo re\u0161itev (prevode in pravila) v pregled.<\/p>","protected":false},"excerpt":{"rendered":"<p>Te\u017eja verzija naloge z irskimi \u0161tevili. Ir\u0161\u010dina sodi med keltske jezike. Ti so le daljni sorodniki germanskih jezikov, a z malo domi\u0161ljije je zapis nekaterih \u0161tevil v ir\u0161\u010dini neverjetno podoben angle\u0161kim ali nem\u0161kim.\u00a0 Podane so besedne zveze s \u0161tevili v ir\u0161\u010dini in njihov prevod v sloven\u0161\u010dino. Zapi\u0161i pravila za \u0161tetje predmetov v ir\u0161\u010dini in prevedi &hellip; <a href=\"https:\/\/lingvistika.si\/?page_id=619\" class=\"more-link\">Continue reading <span class=\"screen-reader-text\">Ir\u0161\u010dina 2<\/span> <span class=\"meta-nav\">&rarr;<\/span><\/a><\/p>\n","protected":false},"author":1,"featured_media":0,"parent":0,"menu_order":0,"comment_status":"open","ping_status":"open","template":"","meta":{"footnotes":""},"categories":[7,1,12],"class_list":["post-619","page","type-page","status-publish","hentry","category-tezke-naloge","category-uncategorized","category-stevilske-naloge"],"_links":{"self":[{"href":"https:\/\/lingvistika.si\/index.php?rest_route=\/wp\/v2\/pages\/619","targetHints":{"allow":["GET"]}}],"collection":[{"href":"https:\/\/lingvistika.si\/index.php?rest_route=\/wp\/v2\/pages"}],"about":[{"href":"https:\/\/lingvistika.si\/index.php?rest_route=\/wp\/v2\/types\/page"}],"author":[{"embeddable":true,"href":"https:\/\/lingvistika.si\/index.php?rest_route=\/wp\/v2\/users\/1"}],"replies":[{"embeddable":true,"href":"https:\/\/lingvistika.si\/index.php?rest_route=%2Fwp%2Fv2%2Fcomments&post=619"}],"version-history":[{"count":1,"href":"https:\/\/lingvistika.si\/index.php?rest_route=\/wp\/v2\/pages\/619\/revisions"}],"predecessor-version":[{"id":620,"href":"https:\/\/lingvistika.si\/index.php?rest_route=\/wp\/v2\/pages\/619\/revisions\/620"}],"wp:attachment":[{"href":"https:\/\/lingvistika.si\/index.php?rest_route=%2Fwp%2Fv2%2Fmedia&parent=619"}],"wp:term":[{"taxonomy":"category","embeddable":true,"href":"https:\/\/lingvistika.si\/index.php?rest_route=%2Fwp%2Fv2%2Fcategories&post=619"}],"curies":[{"name":"wp","href":"https:\/\/api.w.org\/{rel}","templated":true}]}}