{"id":650,"date":"2015-03-29T20:37:01","date_gmt":"2015-03-29T20:37:01","guid":{"rendered":"http:\/\/lingvistika.si\/?page_id=650"},"modified":"2015-03-29T20:37:01","modified_gmt":"2015-03-29T20:37:01","slug":"cescina","status":"publish","type":"page","link":"https:\/\/lingvistika.si\/?page_id=650","title":{"rendered":"\u010ce\u0161\u010dina"},"content":{"rendered":"<p><span style=\"line-height: 1.5;\">Spodnja naloga iz \u010de\u0161\u010dine ni tako lahka, kot se zdi na prvi pogled. \u010ceprav besede razumemo, ker je jezik podoben sloven\u0161\u010dini, je njihov na\u010din, kako povedati, koliko je ura, kar kompliciran.\u00a0<\/span><\/p>\n<blockquote><p>Podani so zapisi za \u010das s \u0161tevilkami in v \u010de\u0161\u010dini. Ugotovi pravila za zapisovanje ure v \u010de\u0161\u010dini.<\/p>\n<table>\n<tbody>\n<tr>\n<td>7:55<\/td>\n<td>za pet minut osm<\/td>\n<\/tr>\n<tr>\n<td>7:50<\/td>\n<td>za deset minut osm<\/td>\n<\/tr>\n<tr>\n<td>7:15<\/td>\n<td>\u010dtvrt na osm<\/td>\n<\/tr>\n<tr>\n<td>7:53<\/td>\n<td>za sedm minut osm<\/td>\n<\/tr>\n<tr>\n<td>7:07<\/td>\n<td>za osm minut \u010dtvrt na osm<\/td>\n<\/tr>\n<tr>\n<td>6:05<\/td>\n<td>za deset minut \u010dtvrt na sedm<\/td>\n<\/tr>\n<tr>\n<td>7:30<\/td>\n<td>pul osme<\/td>\n<\/tr>\n<tr>\n<td>8:30<\/td>\n<td>pul devate<\/td>\n<\/tr>\n<tr>\n<td>5:20<\/td>\n<td>za deset minut pul \u0161este<\/td>\n<\/tr>\n<tr>\n<td>9:15<\/td>\n<td>\u010dtvrt na deset<\/td>\n<\/tr>\n<\/tbody>\n<\/table>\n<p>&nbsp;<\/p>\n<p>Zapi\u0161i po \u010de\u0161ko:<\/p>\n<p>5:23<\/p>\n<p>9:10<\/p>\n<p>Poskusi sklepati, kako se po \u010de\u0161ko napi\u0161e 8:39<\/p><\/blockquote>\n<p>&nbsp;<\/p>\n<p>Za namig lahko pi\u0161ete na email <a href=\"mailto:&#x69;&#x6e;&#x66;&#x6f;&#x40;&#x6c;&#x69;&#x6e;&#x67;&#x76;&#x69;&#x73;&#x74;&#x69;&#x6b;&#x61;&#x2e;&#x73;&#x69;\">&#x69;&#x6e;&#x66;&#x6f;&#x40;<span class=\"oe_displaynone\">null<\/span>&#x6c;&#x69;&#x6e;&#x67;&#x76;&#x69;&#x73;&#x74;&#x69;&#x6b;&#x61;&#x2e;&#x73;&#x69;<\/a>. Lahko pa tudi po\u0161ljete svojo re\u0161itev (prevode in pravila) v pregled.<\/p>","protected":false},"excerpt":{"rendered":"<p>Spodnja naloga iz \u010de\u0161\u010dine ni tako lahka, kot se zdi na prvi pogled. \u010ceprav besede razumemo, ker je jezik podoben sloven\u0161\u010dini, je njihov na\u010din, kako povedati, koliko je ura, kar kompliciran.\u00a0 Podani so zapisi za \u010das s \u0161tevilkami in v \u010de\u0161\u010dini. Ugotovi pravila za zapisovanje ure v \u010de\u0161\u010dini. 7:55 za pet minut osm 7:50 za &hellip; <a href=\"https:\/\/lingvistika.si\/?page_id=650\" class=\"more-link\">Continue reading <span class=\"screen-reader-text\">\u010ce\u0161\u010dina<\/span> <span class=\"meta-nav\">&rarr;<\/span><\/a><\/p>\n","protected":false},"author":1,"featured_media":0,"parent":0,"menu_order":0,"comment_status":"open","ping_status":"open","template":"","meta":{"footnotes":""},"categories":[11,1,12],"class_list":["post-650","page","type-page","status-publish","hentry","category-srednje-tezke-naloge","category-uncategorized","category-stevilske-naloge"],"_links":{"self":[{"href":"https:\/\/lingvistika.si\/index.php?rest_route=\/wp\/v2\/pages\/650","targetHints":{"allow":["GET"]}}],"collection":[{"href":"https:\/\/lingvistika.si\/index.php?rest_route=\/wp\/v2\/pages"}],"about":[{"href":"https:\/\/lingvistika.si\/index.php?rest_route=\/wp\/v2\/types\/page"}],"author":[{"embeddable":true,"href":"https:\/\/lingvistika.si\/index.php?rest_route=\/wp\/v2\/users\/1"}],"replies":[{"embeddable":true,"href":"https:\/\/lingvistika.si\/index.php?rest_route=%2Fwp%2Fv2%2Fcomments&post=650"}],"version-history":[{"count":1,"href":"https:\/\/lingvistika.si\/index.php?rest_route=\/wp\/v2\/pages\/650\/revisions"}],"predecessor-version":[{"id":651,"href":"https:\/\/lingvistika.si\/index.php?rest_route=\/wp\/v2\/pages\/650\/revisions\/651"}],"wp:attachment":[{"href":"https:\/\/lingvistika.si\/index.php?rest_route=%2Fwp%2Fv2%2Fmedia&parent=650"}],"wp:term":[{"taxonomy":"category","embeddable":true,"href":"https:\/\/lingvistika.si\/index.php?rest_route=%2Fwp%2Fv2%2Fcategories&post=650"}],"curies":[{"name":"wp","href":"https:\/\/api.w.org\/{rel}","templated":true}]}}