{"id":719,"date":"2015-09-16T20:36:10","date_gmt":"2015-09-16T20:36:10","guid":{"rendered":"http:\/\/lingvistika.si\/?page_id=719"},"modified":"2015-09-16T20:36:10","modified_gmt":"2015-09-16T20:36:10","slug":"adigejscina","status":"publish","type":"page","link":"https:\/\/lingvistika.si\/?page_id=719","title":{"rendered":"Adigej\u0161\u010dina"},"content":{"rendered":"<p><span style=\"line-height: 1.5;\">Morda se spomnite zelo te\u017eke naloge iz adigej\u0161\u010dine iz enega izmed starih tekmovanj. Tisto nalogo sem precej poenostavila in mislim, da bodo tole znali re\u0161iti tudi osnovno\u0161olci.\u00a0<\/span><\/p>\n<blockquote><p>Podane so besedne zveze v adigej\u0161\u010dini in njihovi prevodi v sloven\u0161\u010dino. Ugotovi in zapi\u0161i slovni\u010dna pravila za adigej\u0161\u010dino in slovar\u010dek besed.<\/p>\n<table>\n<tbody>\n<tr>\n<td>Mi leg kabeag.<\/td>\n<td>To je bila \u010dista posoda.<\/td>\n<\/tr>\n<tr>\n<td>Mir Anee\u0161t.<\/td>\n<td>To bo Anja.<\/td>\n<\/tr>\n<tr>\n<td>Mi ien \u0161huahti.<\/td>\n<td>To je zelena miza.<\/td>\n<\/tr>\n<tr>\n<td>Mi ien kabe\u0161t.<\/td>\n<td>To bo \u010dista miza.<\/td>\n<\/tr>\n<tr>\n<td>Mir kiel phaw.<\/td>\n<td>To je strog fant.<\/td>\n<\/tr>\n<tr>\n<td>Mi kel \u0161huahtie\u0161t.<\/td>\n<td>To bo zeleno mesto.<\/td>\n<\/tr>\n<\/tbody>\n<\/table>\n<p>&nbsp;<\/p>\n<p>Prevedi (Dima = Dima):<\/p>\n<ol>\n<li>To je Dima.<\/li>\n<li>To je bila stroga Anja.<\/li>\n<li>To je bilo mesto.<\/li>\n<li>Mir kieleag.<\/li>\n<\/ol>\n<\/blockquote>\n<p>&nbsp;<\/p>\n<p>Za namig pi\u0161ite na email <a href=\"mailto:&#x69;&#x6e;&#x66;&#x6f;&#x40;&#x6c;&#x69;&#x6e;&#x67;&#x76;&#x69;&#x73;&#x74;&#x69;&#x6b;&#x61;&#x2e;&#x73;&#x69;\">&#x69;&#x6e;&#x66;&#x6f;&#x40;<span class=\"oe_displaynone\">null<\/span>&#x6c;&#x69;&#x6e;&#x67;&#x76;&#x69;&#x73;&#x74;&#x69;&#x6b;&#x61;&#x2e;&#x73;&#x69;<\/a>. Lahko pa tudi po\u0161ljete svojo re\u0161itev (prevode in pravila) v pregled.<\/p>","protected":false},"excerpt":{"rendered":"<p>Morda se spomnite zelo te\u017eke naloge iz adigej\u0161\u010dine iz enega izmed starih tekmovanj. Tisto nalogo sem precej poenostavila in mislim, da bodo tole znali re\u0161iti tudi osnovno\u0161olci.\u00a0 Podane so besedne zveze v adigej\u0161\u010dini in njihovi prevodi v sloven\u0161\u010dino. Ugotovi in zapi\u0161i slovni\u010dna pravila za adigej\u0161\u010dino in slovar\u010dek besed. Mi leg kabeag. To je bila \u010dista &hellip; <a href=\"https:\/\/lingvistika.si\/?page_id=719\" class=\"more-link\">Continue reading <span class=\"screen-reader-text\">Adigej\u0161\u010dina<\/span> <span class=\"meta-nav\">&rarr;<\/span><\/a><\/p>\n","protected":false},"author":1,"featured_media":0,"parent":0,"menu_order":0,"comment_status":"open","ping_status":"open","template":"","meta":{"footnotes":""},"categories":[3,1,9],"class_list":["post-719","page","type-page","status-publish","hentry","category-lahke-naloge","category-uncategorized","category-prevajalske-naloge"],"_links":{"self":[{"href":"https:\/\/lingvistika.si\/index.php?rest_route=\/wp\/v2\/pages\/719","targetHints":{"allow":["GET"]}}],"collection":[{"href":"https:\/\/lingvistika.si\/index.php?rest_route=\/wp\/v2\/pages"}],"about":[{"href":"https:\/\/lingvistika.si\/index.php?rest_route=\/wp\/v2\/types\/page"}],"author":[{"embeddable":true,"href":"https:\/\/lingvistika.si\/index.php?rest_route=\/wp\/v2\/users\/1"}],"replies":[{"embeddable":true,"href":"https:\/\/lingvistika.si\/index.php?rest_route=%2Fwp%2Fv2%2Fcomments&post=719"}],"version-history":[{"count":1,"href":"https:\/\/lingvistika.si\/index.php?rest_route=\/wp\/v2\/pages\/719\/revisions"}],"predecessor-version":[{"id":720,"href":"https:\/\/lingvistika.si\/index.php?rest_route=\/wp\/v2\/pages\/719\/revisions\/720"}],"wp:attachment":[{"href":"https:\/\/lingvistika.si\/index.php?rest_route=%2Fwp%2Fv2%2Fmedia&parent=719"}],"wp:term":[{"taxonomy":"category","embeddable":true,"href":"https:\/\/lingvistika.si\/index.php?rest_route=%2Fwp%2Fv2%2Fcategories&post=719"}],"curies":[{"name":"wp","href":"https:\/\/api.w.org\/{rel}","templated":true}]}}