{"id":80,"date":"2014-01-26T15:13:52","date_gmt":"2014-01-26T15:13:52","guid":{"rendered":"http:\/\/lingvistika.si\/?page_id=80"},"modified":"2014-09-13T19:37:43","modified_gmt":"2014-09-13T19:37:43","slug":"hausa-1","status":"publish","type":"page","link":"https:\/\/lingvistika.si\/?page_id=80","title":{"rendered":"Hausa 1"},"content":{"rendered":"<p>Tole je zelo enostavna naloga iz jezika hausa.<\/p>\n<blockquote><p>Podani so stavki v jeziku hausa in njihovi prevodi v sloven\u0161\u010dino. Dolo\u010di pomen besed, vrstni red besed v jeziku hausa in prevedi nekaj primerov.<\/p>\n<table>\n<tbody>\n<tr>\n<td>Makeri kawo yaro.<\/td>\n<td>Kova\u010d je pripeljal de\u010dka.<\/td>\n<\/tr>\n<tr>\n<td>Yaro kawo makeri.<\/td>\n<td>De\u010dek je pripeljal kova\u010da.<\/td>\n<\/tr>\n<tr>\n<td>Mace hura wuta.<\/td>\n<td>\u017denska je zanetila ogenj.<\/td>\n<\/tr>\n<tr>\n<td>Yarinye dawo.<\/td>\n<td>Deklica se je vrnila.<\/td>\n<\/tr>\n<tr>\n<td>Makeri kawo yarinye.<\/td>\n<td>Kova\u010d je pripeljal deklico.<\/td>\n<\/tr>\n<\/tbody>\n<\/table>\n<p>&nbsp;<\/p>\n<p>Prevedi v sloven\u0161\u010dino:<\/p>\n<ol>\n<li>Mace kawo yaro.<\/li>\n<li>Makeri dawo wuta.<\/li>\n<\/ol>\n<p>&nbsp;<\/p>\n<p>Prevedi v hausa (drevo je mayi):<\/p>\n<ol>\n<li>De\u010dek se je vrnil.<\/li>\n<li>Ogenj je zanetil drevo.<\/li>\n<\/ol>\n<\/blockquote>\n<p>&nbsp;<\/p>\n<p>Za namig lahko pi\u0161ete na email <a href=\"mailto:&#x69;&#x6e;&#x66;&#x6f;&#x40;&#x6c;&#x69;&#x6e;&#x67;&#x76;&#x69;&#x73;&#x74;&#x69;&#x6b;&#x61;&#x2e;&#x73;&#x69;\">&#x69;&#x6e;&#x66;&#x6f;&#x40;<span class=\"oe_displaynone\">null<\/span>&#x6c;&#x69;&#x6e;&#x67;&#x76;&#x69;&#x73;&#x74;&#x69;&#x6b;&#x61;&#x2e;&#x73;&#x69;<\/a> ampak verjamem, da ga za to nalogo ne boste potrebovali. \ud83d\ude42<\/p>","protected":false},"excerpt":{"rendered":"<p>Tole je zelo enostavna naloga iz jezika hausa. Podani so stavki v jeziku hausa in njihovi prevodi v sloven\u0161\u010dino. Dolo\u010di pomen besed, vrstni red besed v jeziku hausa in prevedi nekaj primerov. Makeri kawo yaro. Kova\u010d je pripeljal de\u010dka. Yaro kawo makeri. De\u010dek je pripeljal kova\u010da. Mace hura wuta. \u017denska je zanetila ogenj. Yarinye dawo. &hellip; <a href=\"https:\/\/lingvistika.si\/?page_id=80\" class=\"more-link\">Continue reading <span class=\"screen-reader-text\">Hausa 1<\/span> <span class=\"meta-nav\">&rarr;<\/span><\/a><\/p>\n","protected":false},"author":1,"featured_media":0,"parent":0,"menu_order":0,"comment_status":"open","ping_status":"closed","template":"","meta":{"footnotes":""},"categories":[5,1,9],"class_list":["post-80","page","type-page","status-publish","hentry","category-zacetniske-naloge","category-uncategorized","category-prevajalske-naloge"],"_links":{"self":[{"href":"https:\/\/lingvistika.si\/index.php?rest_route=\/wp\/v2\/pages\/80","targetHints":{"allow":["GET"]}}],"collection":[{"href":"https:\/\/lingvistika.si\/index.php?rest_route=\/wp\/v2\/pages"}],"about":[{"href":"https:\/\/lingvistika.si\/index.php?rest_route=\/wp\/v2\/types\/page"}],"author":[{"embeddable":true,"href":"https:\/\/lingvistika.si\/index.php?rest_route=\/wp\/v2\/users\/1"}],"replies":[{"embeddable":true,"href":"https:\/\/lingvistika.si\/index.php?rest_route=%2Fwp%2Fv2%2Fcomments&post=80"}],"version-history":[{"count":7,"href":"https:\/\/lingvistika.si\/index.php?rest_route=\/wp\/v2\/pages\/80\/revisions"}],"predecessor-version":[{"id":415,"href":"https:\/\/lingvistika.si\/index.php?rest_route=\/wp\/v2\/pages\/80\/revisions\/415"}],"wp:attachment":[{"href":"https:\/\/lingvistika.si\/index.php?rest_route=%2Fwp%2Fv2%2Fmedia&parent=80"}],"wp:term":[{"taxonomy":"category","embeddable":true,"href":"https:\/\/lingvistika.si\/index.php?rest_route=%2Fwp%2Fv2%2Fcategories&post=80"}],"curies":[{"name":"wp","href":"https:\/\/api.w.org\/{rel}","templated":true}]}}