{"id":93,"date":"2014-01-26T17:58:53","date_gmt":"2014-01-26T17:58:53","guid":{"rendered":"http:\/\/lingvistika.si\/?page_id=93"},"modified":"2014-09-13T19:39:19","modified_gmt":"2014-09-13T19:39:19","slug":"stara-kretska-zlogovna-pisava-1","status":"publish","type":"page","link":"https:\/\/lingvistika.si\/?page_id=93","title":{"rendered":"Stara kretska zlogovna pisava 1"},"content":{"rendered":"<p>Spodaj je naloga iz stare kretske zlogovne pisave.<\/p>\n<blockquote><p>Podane so starogr\u0161ke besede v dveh razli\u010dnih zapisih. Dolo\u010di, katere \u010drke se spremenijo in kako, ko starogr\u0161ke besede zapi\u0161emo v kretski zlogovni pisavi in re\u0161i nekaj primerov.<\/p>\n<table>\n<tbody>\n<tr>\n<th>stara gr\u0161\u010dina<\/th>\n<th>kretska zlogovna pisava<\/th>\n<\/tr>\n<tr>\n<td>agirija<\/td>\n<td>a-ki-ri-ja<\/td>\n<\/tr>\n<tr>\n<td>gerotem<\/td>\n<td>ke-ro-te<\/td>\n<\/tr>\n<tr>\n<td>dekasato<\/td>\n<td>de-ka-sa-to<\/td>\n<\/tr>\n<tr>\n<td>lepotos<\/td>\n<td>re-po-to<\/td>\n<\/tr>\n<tr>\n<td>elepa<\/td>\n<td>e-re-pa<\/td>\n<\/tr>\n<tr>\n<td>pepolot<\/td>\n<td>pe-po-ro<\/td>\n<\/tr>\n<\/tbody>\n<\/table>\n<p>&nbsp;<\/p>\n<p>Zapi\u0161i s kretsko zlogovno pisavo: ageremon, kaliker, opelos, poroto, guraso.<\/p><\/blockquote>\n<p>&nbsp;<\/p>\n<p>Za namig lahko pi\u0161ete na email <a href=\"mailto:&#x69;&#x6e;&#x66;&#x6f;&#x40;&#x6c;&#x69;&#x6e;&#x67;&#x76;&#x69;&#x73;&#x74;&#x69;&#x6b;&#x61;&#x2e;&#x73;&#x69;\">&#x69;&#x6e;&#x66;&#x6f;&#x40;<span class=\"oe_displaynone\">null<\/span>&#x6c;&#x69;&#x6e;&#x67;&#x76;&#x69;&#x73;&#x74;&#x69;&#x6b;&#x61;&#x2e;&#x73;&#x69;<\/a> ampak verjamem, da ga za to nalogo ne boste potrebovali. \ud83d\ude42<\/p>","protected":false},"excerpt":{"rendered":"<p>Spodaj je naloga iz stare kretske zlogovne pisave. Podane so starogr\u0161ke besede v dveh razli\u010dnih zapisih. Dolo\u010di, katere \u010drke se spremenijo in kako, ko starogr\u0161ke besede zapi\u0161emo v kretski zlogovni pisavi in re\u0161i nekaj primerov. stara gr\u0161\u010dina kretska zlogovna pisava agirija a-ki-ri-ja gerotem ke-ro-te dekasato de-ka-sa-to lepotos re-po-to elepa e-re-pa pepolot pe-po-ro &nbsp; Zapi\u0161i s &hellip; <a href=\"https:\/\/lingvistika.si\/?page_id=93\" class=\"more-link\">Continue reading <span class=\"screen-reader-text\">Stara kretska zlogovna pisava 1<\/span> <span class=\"meta-nav\">&rarr;<\/span><\/a><\/p>\n","protected":false},"author":1,"featured_media":0,"parent":0,"menu_order":0,"comment_status":"open","ping_status":"open","template":"","meta":{"footnotes":""},"categories":[5,1,10],"class_list":["post-93","page","type-page","status-publish","hentry","category-zacetniske-naloge","category-uncategorized","category-foneticne-naloge"],"_links":{"self":[{"href":"https:\/\/lingvistika.si\/index.php?rest_route=\/wp\/v2\/pages\/93","targetHints":{"allow":["GET"]}}],"collection":[{"href":"https:\/\/lingvistika.si\/index.php?rest_route=\/wp\/v2\/pages"}],"about":[{"href":"https:\/\/lingvistika.si\/index.php?rest_route=\/wp\/v2\/types\/page"}],"author":[{"embeddable":true,"href":"https:\/\/lingvistika.si\/index.php?rest_route=\/wp\/v2\/users\/1"}],"replies":[{"embeddable":true,"href":"https:\/\/lingvistika.si\/index.php?rest_route=%2Fwp%2Fv2%2Fcomments&post=93"}],"version-history":[{"count":3,"href":"https:\/\/lingvistika.si\/index.php?rest_route=\/wp\/v2\/pages\/93\/revisions"}],"predecessor-version":[{"id":421,"href":"https:\/\/lingvistika.si\/index.php?rest_route=\/wp\/v2\/pages\/93\/revisions\/421"}],"wp:attachment":[{"href":"https:\/\/lingvistika.si\/index.php?rest_route=%2Fwp%2Fv2%2Fmedia&parent=93"}],"wp:term":[{"taxonomy":"category","embeddable":true,"href":"https:\/\/lingvistika.si\/index.php?rest_route=%2Fwp%2Fv2%2Fcategories&post=93"}],"curies":[{"name":"wp","href":"https:\/\/api.w.org\/{rel}","templated":true}]}}