{"id":96,"date":"2014-01-26T17:22:57","date_gmt":"2014-01-26T17:22:57","guid":{"rendered":"http:\/\/lingvistika.si\/?page_id=96"},"modified":"2014-09-13T19:39:27","modified_gmt":"2014-09-13T19:39:27","slug":"stara-kretska-zlogovna-pisava-2","status":"publish","type":"page","link":"https:\/\/lingvistika.si\/?page_id=96","title":{"rendered":"Stara kretska zlogovna pisava 2"},"content":{"rendered":"<p>Spodaj je malo te\u017eja naloga iz stare kretske zlogovne pisave.<\/p>\n<blockquote><p>Podane so starogr\u0161ke besede v dveh razli\u010dnih zapisih. Dolo\u010di pravila po katerih starogr\u0161ke besede zapi\u0161emo v kretski zlogovni pisavi in re\u0161i nekaj primerov.<\/p>\n<table>\n<tbody>\n<tr>\n<th>stara gr\u0161\u010dina<\/th>\n<th>kretska zlogovna pisava<\/th>\n<\/tr>\n<tr>\n<td>agria<\/td>\n<td>a-ki-ri-ja<\/td>\n<\/tr>\n<tr>\n<td>gerotem<\/td>\n<td>ke-ro-te<\/td>\n<\/tr>\n<tr>\n<td>deksato<\/td>\n<td>de-ka-sa-to<\/td>\n<\/tr>\n<tr>\n<td>leptos<\/td>\n<td>re-po-to<\/td>\n<\/tr>\n<tr>\n<td>elepa<\/td>\n<td>e-re-pa<\/td>\n<\/tr>\n<tr>\n<td>peplot<\/td>\n<td>pe-po-ro<\/td>\n<\/tr>\n<\/tbody>\n<\/table>\n<p>&nbsp;<\/p>\n<p>Zapi\u0161i s kretsko zlogovno pisavo: agremon, kalker, opelos, protos, gurso, pliege.<\/p><\/blockquote>\n<p>&nbsp;<\/p>\n<p>Za namig lahko pi\u0161ete na email <a href=\"mailto:&#x69;&#x6e;&#x66;&#x6f;&#x40;&#x6c;&#x69;&#x6e;&#x67;&#x76;&#x69;&#x73;&#x74;&#x69;&#x6b;&#x61;&#x2e;&#x73;&#x69;\">&#x69;&#x6e;&#x66;&#x6f;&#x40;<span class=\"oe_displaynone\">null<\/span>&#x6c;&#x69;&#x6e;&#x67;&#x76;&#x69;&#x73;&#x74;&#x69;&#x6b;&#x61;&#x2e;&#x73;&#x69;<\/a>.<\/p>","protected":false},"excerpt":{"rendered":"<p>Spodaj je malo te\u017eja naloga iz stare kretske zlogovne pisave. Podane so starogr\u0161ke besede v dveh razli\u010dnih zapisih. Dolo\u010di pravila po katerih starogr\u0161ke besede zapi\u0161emo v kretski zlogovni pisavi in re\u0161i nekaj primerov. stara gr\u0161\u010dina kretska zlogovna pisava agria a-ki-ri-ja gerotem ke-ro-te deksato de-ka-sa-to leptos re-po-to elepa e-re-pa peplot pe-po-ro &nbsp; Zapi\u0161i s kretsko zlogovno &hellip; <a href=\"https:\/\/lingvistika.si\/?page_id=96\" class=\"more-link\">Continue reading <span class=\"screen-reader-text\">Stara kretska zlogovna pisava 2<\/span> <span class=\"meta-nav\">&rarr;<\/span><\/a><\/p>\n","protected":false},"author":1,"featured_media":0,"parent":0,"menu_order":0,"comment_status":"open","ping_status":"closed","template":"","meta":{"footnotes":""},"categories":[3,1,10],"class_list":["post-96","page","type-page","status-publish","hentry","category-lahke-naloge","category-uncategorized","category-foneticne-naloge"],"_links":{"self":[{"href":"https:\/\/lingvistika.si\/index.php?rest_route=\/wp\/v2\/pages\/96","targetHints":{"allow":["GET"]}}],"collection":[{"href":"https:\/\/lingvistika.si\/index.php?rest_route=\/wp\/v2\/pages"}],"about":[{"href":"https:\/\/lingvistika.si\/index.php?rest_route=\/wp\/v2\/types\/page"}],"author":[{"embeddable":true,"href":"https:\/\/lingvistika.si\/index.php?rest_route=\/wp\/v2\/users\/1"}],"replies":[{"embeddable":true,"href":"https:\/\/lingvistika.si\/index.php?rest_route=%2Fwp%2Fv2%2Fcomments&post=96"}],"version-history":[{"count":4,"href":"https:\/\/lingvistika.si\/index.php?rest_route=\/wp\/v2\/pages\/96\/revisions"}],"predecessor-version":[{"id":422,"href":"https:\/\/lingvistika.si\/index.php?rest_route=\/wp\/v2\/pages\/96\/revisions\/422"}],"wp:attachment":[{"href":"https:\/\/lingvistika.si\/index.php?rest_route=%2Fwp%2Fv2%2Fmedia&parent=96"}],"wp:term":[{"taxonomy":"category","embeddable":true,"href":"https:\/\/lingvistika.si\/index.php?rest_route=%2Fwp%2Fv2%2Fcategories&post=96"}],"curies":[{"name":"wp","href":"https:\/\/api.w.org\/{rel}","templated":true}]}}